{"id":340,"date":"2021-08-19T20:54:06","date_gmt":"2021-08-19T18:54:06","guid":{"rendered":"https:\/\/binaturalproducts.com\/?post_type=product&#038;p=340"},"modified":"2026-04-02T22:16:58","modified_gmt":"2026-04-02T20:16:58","slug":"pudra-cu-argila-rosie-pentru-curatarea-dintilor","status":"publish","type":"product","link":"https:\/\/binaturalproducts.com\/ro\/produs\/pudra-cu-argila-rosie-pentru-curatarea-dintilor\/","title":{"rendered":"Pudr\u0103 cu argil\u0103 ro\u0219ie pentru cur\u0103\u021barea din\u021bilor"},"content":{"rendered":"<div class=\"kvgmc6g5 cxmmr5t8 oygrvhab hcukyx3x c1et5uql ii04i59q\">\n<div dir=\"auto\">\n<p><strong>Pudr\u0103 natural\u0103 pentru cur\u0103\u021barea din\u021bilor cu argil\u0103 ro\u0219ie, ment\u0103 \u0219i ulei esen\u021bial de lavand\u0103 pentru cur\u0103\u021barea \u0219i \u00eengrijirea excelent\u0103 a din\u021bilor pentru un z\u00e2mbet mai s\u0103n\u0103tos!<\/strong><\/p>\n<p>Pulbere de din\u021bi care contine minerale naturale f\u0103r\u0103 fluor pentru \u00eengrijirea gingiilor \u0219i a din\u021bilor.<\/p>\n<p><img loading=\"lazy\" decoding=\"async\" class=\"alignnone size-medium wp-image-342\" src=\"https:\/\/binaturalproducts.com\/wp-content\/uploads\/2021\/08\/Nevtelen-terv-1-1-300x213.jpg\" alt=\"\" width=\"300\" height=\"213\" srcset=\"https:\/\/binaturalproducts.com\/wp-content\/uploads\/2021\/08\/Nevtelen-terv-1-1-300x213.jpg 300w, https:\/\/binaturalproducts.com\/wp-content\/uploads\/2021\/08\/Nevtelen-terv-1-1-1024x726.jpg 1024w, https:\/\/binaturalproducts.com\/wp-content\/uploads\/2021\/08\/Nevtelen-terv-1-1-768x545.jpg 768w, https:\/\/binaturalproducts.com\/wp-content\/uploads\/2021\/08\/Nevtelen-terv-1-1-1536x1090.jpg 1536w, https:\/\/binaturalproducts.com\/wp-content\/uploads\/2021\/08\/Nevtelen-terv-1-1-600x426.jpg 600w, https:\/\/binaturalproducts.com\/wp-content\/uploads\/2021\/08\/Nevtelen-terv-1-1.jpg 1748w\" sizes=\"auto, (max-width: 300px) 100vw, 300px\" \/><\/p>\n<\/div>\n<\/div>\n<div class=\"o9v6fnle cxmmr5t8 oygrvhab hcukyx3x c1et5uql ii04i59q\">\n<div dir=\"auto\">\n<p>Cu o aplicare regulat\u0103 putem ob\u021bine o \u00eembun\u0103t\u0103\u021bire rapid\u0103 \u00eempotriva simptomelor de inflama\u021bie a gingiilor, \u00eempotriva s\u00e2nger\u0103rii gingiilor, a din\u021bilor \u00eeng\u0103lbeni\u021bi din cauza fumatului sau \u00eempotriva tartrului dentar.<\/p>\n<\/div>\n<\/div>\n<div class=\"o9v6fnle cxmmr5t8 oygrvhab hcukyx3x c1et5uql ii04i59q\">\n<div dir=\"auto\">Argila ro\u0219ie are efect antiseptic \u0219i este plin de minerale (magneziu, oxid de fier, calciu, etc.), care au efect benefic pentru \u00eengrijirea din\u021bilor.<\/div>\n<div dir=\"auto\">\n<p>Uleiurile esen\u021biale de iment\u0103 \u0219i lavand\u0103 au efect \n calmant, antibacterian, antiinflamator, antiviral, r\u0103coritor, tonic \u0219i analgesic.<\/p>\n<\/div>\n<div dir=\"auto\">\n<p><b>Ingrediente cheie: argil\u0103 ro\u0219ie, calciu, uleiuri esen\u021biale: ment\u0103 \u0219i lavand\u0103.<\/b><\/p>\n<p><strong>Utilizare<\/strong> se aplic\u0103 pe periu\u021ba de din\u021bi umezit\u0103, dup\u0103 care se continu\u0103 cur\u0103\u021barea normal\u0103 a din\u021bilor.<\/p>\n<p><strong>NU CON\u021aINE:<\/strong> sls-, sles-, paraben-,propilen-glikol-, fluor-, aroma-, hidrogen-peroxid-, colorant-, szacharin-, triklozan.<\/p>\n<\/div>\n<\/div>\n<div class=\"o9v6fnle cxmmr5t8 oygrvhab hcukyx3x c1et5uql ii04i59q\">\n<div dir=\"auto\">\n<p>Nu con\u021bine agent de spum\u0103.<\/p>\n<p><strong>T\u00f6meg: 30 g\/70 ml -k\u00f6r\u00fclbel\u00fcl 60-80 fogmos\u00e1sra el\u00e9g<\/strong><\/p>\n<\/div>\n<\/div>","protected":false},"excerpt":{"rendered":"<p>Pudr\u0103 natural\u0103 pentru cur\u0103\u021barea din\u021bilor cu argil\u0103 ro\u0219ie, ment\u0103 \u0219i ulei esen\u021bial de lavand\u0103 pentru cur\u0103\u021barea \u0219i \u00eengrijirea excelent\u0103 a din\u021bilor pentru un z\u00e2mbet mai s\u0103n\u0103tos!<\/p>","protected":false},"featured_media":6440,"comment_status":"open","ping_status":"closed","template":"","meta":[],"product_brand":[],"product_cat":[45,27],"product_tag":[],"class_list":{"0":"post-340","1":"product","2":"type-product","3":"status-publish","4":"has-post-thumbnail","6":"product_cat-osszes","7":"product_cat-higienia","9":"first","10":"instock","11":"shipping-taxable","12":"purchasable","13":"product-type-simple"},"yoast_head":"<!-- This site is optimized with the Yoast SEO plugin v27.4 - https:\/\/yoast.com\/product\/yoast-seo-wordpress\/ -->\n<title>Nat\u00far fogtiszt\u00edt\u00f3 por v\u00f6r\u00f6s agyaggal - Binaturalproducts<\/title>\n<meta name=\"description\" content=\"Nat\u00far fogtiszt\u00edt\u00f3 por v\u00f6r\u00f6s agyaggal, menta \u00e9s levendula ill\u00f3olajjal a fogak kiv\u00e1l\u00f3 tiszt\u00edt\u00e1s\u00e1ra \u00e9s \u00e1pol\u00e1s\u00e1ra az eg\u00e9szs\u00e9gesebb mosoly\u00e9rt!\" \/>\n<meta name=\"robots\" content=\"index, follow, max-snippet:-1, max-image-preview:large, max-video-preview:-1\" \/>\n<link rel=\"canonical\" href=\"https:\/\/binaturalproducts.com\/ro\/produs\/pudra-cu-argila-rosie-pentru-curatarea-dintilor\/\" \/>\n<meta property=\"og:locale\" content=\"ro_RO\" \/>\n<meta property=\"og:type\" content=\"article\" \/>\n<meta property=\"og:title\" content=\"Nat\u00far fogtiszt\u00edt\u00f3 por v\u00f6r\u00f6s agyaggal - Binaturalproducts\" \/>\n<meta property=\"og:description\" content=\"Nat\u00far fogtiszt\u00edt\u00f3 por v\u00f6r\u00f6s agyaggal, menta \u00e9s levendula ill\u00f3olajjal a fogak kiv\u00e1l\u00f3 tiszt\u00edt\u00e1s\u00e1ra \u00e9s \u00e1pol\u00e1s\u00e1ra az eg\u00e9szs\u00e9gesebb mosoly\u00e9rt!\" \/>\n<meta property=\"og:url\" content=\"https:\/\/binaturalproducts.com\/ro\/produs\/pudra-cu-argila-rosie-pentru-curatarea-dintilor\/\" \/>\n<meta property=\"og:site_name\" content=\"Binaturalproducts\" \/>\n<meta property=\"article:modified_time\" content=\"2026-04-02T20:16:58+00:00\" \/>\n<meta property=\"og:image\" content=\"https:\/\/binaturalproducts.com\/wp-content\/uploads\/2021\/08\/1000018496-1.jpg\" \/>\n\t<meta property=\"og:image:width\" content=\"1615\" \/>\n\t<meta property=\"og:image:height\" content=\"1920\" \/>\n\t<meta property=\"og:image:type\" content=\"image\/jpeg\" \/>\n<meta name=\"twitter:card\" content=\"summary_large_image\" \/>\n<meta name=\"twitter:label1\" content=\"Timp estimat pentru citire\" \/>\n\t<meta name=\"twitter:data1\" content=\"2 minute\" \/>\n<script type=\"application\/ld+json\" class=\"yoast-schema-graph\">{\"@context\":\"https:\\\/\\\/schema.org\",\"@graph\":[{\"@type\":\"WebPage\",\"@id\":\"https:\\\/\\\/binaturalproducts.com\\\/termek\\\/natur-fogtisztito-por-voros-agyaggal\\\/\",\"url\":\"https:\\\/\\\/binaturalproducts.com\\\/termek\\\/natur-fogtisztito-por-voros-agyaggal\\\/\",\"name\":\"Nat\u00far fogtiszt\u00edt\u00f3 por v\u00f6r\u00f6s agyaggal - Binaturalproducts\",\"isPartOf\":{\"@id\":\"https:\\\/\\\/binaturalproducts.com\\\/#website\"},\"primaryImageOfPage\":{\"@id\":\"https:\\\/\\\/binaturalproducts.com\\\/termek\\\/natur-fogtisztito-por-voros-agyaggal\\\/#primaryimage\"},\"image\":{\"@id\":\"https:\\\/\\\/binaturalproducts.com\\\/termek\\\/natur-fogtisztito-por-voros-agyaggal\\\/#primaryimage\"},\"thumbnailUrl\":\"https:\\\/\\\/binaturalproducts.com\\\/wp-content\\\/uploads\\\/2021\\\/08\\\/1000018496-1.jpg\",\"datePublished\":\"2021-08-19T18:54:06+00:00\",\"dateModified\":\"2026-04-02T20:16:58+00:00\",\"description\":\"Nat\u00far fogtiszt\u00edt\u00f3 por v\u00f6r\u00f6s agyaggal, menta \u00e9s levendula ill\u00f3olajjal a fogak kiv\u00e1l\u00f3 tiszt\u00edt\u00e1s\u00e1ra \u00e9s \u00e1pol\u00e1s\u00e1ra az eg\u00e9szs\u00e9gesebb mosoly\u00e9rt!\",\"breadcrumb\":{\"@id\":\"https:\\\/\\\/binaturalproducts.com\\\/termek\\\/natur-fogtisztito-por-voros-agyaggal\\\/#breadcrumb\"},\"inLanguage\":\"ro-RO\",\"potentialAction\":[{\"@type\":\"ReadAction\",\"target\":[\"https:\\\/\\\/binaturalproducts.com\\\/termek\\\/natur-fogtisztito-por-voros-agyaggal\\\/\"]}]},{\"@type\":\"ImageObject\",\"inLanguage\":\"ro-RO\",\"@id\":\"https:\\\/\\\/binaturalproducts.com\\\/termek\\\/natur-fogtisztito-por-voros-agyaggal\\\/#primaryimage\",\"url\":\"https:\\\/\\\/binaturalproducts.com\\\/wp-content\\\/uploads\\\/2021\\\/08\\\/1000018496-1.jpg\",\"contentUrl\":\"https:\\\/\\\/binaturalproducts.com\\\/wp-content\\\/uploads\\\/2021\\\/08\\\/1000018496-1.jpg\",\"width\":1615,\"height\":1920},{\"@type\":\"BreadcrumbList\",\"@id\":\"https:\\\/\\\/binaturalproducts.com\\\/termek\\\/natur-fogtisztito-por-voros-agyaggal\\\/#breadcrumb\",\"itemListElement\":[{\"@type\":\"ListItem\",\"position\":1,\"name\":\"Kezd\u0151lap\",\"item\":\"https:\\\/\\\/binaturalproducts.com\\\/\"},{\"@type\":\"ListItem\",\"position\":2,\"name\":\"\u00dczlet\",\"item\":\"https:\\\/\\\/binaturalproducts.com\\\/uzlet\\\/\"},{\"@type\":\"ListItem\",\"position\":3,\"name\":\"Nat\u00far fogtiszt\u00edt\u00f3 por v\u00f6r\u00f6s agyaggal\"}]},{\"@type\":\"WebSite\",\"@id\":\"https:\\\/\\\/binaturalproducts.com\\\/#website\",\"url\":\"https:\\\/\\\/binaturalproducts.com\\\/\",\"name\":\"Binaturalproducts\",\"description\":\"Nat\u00far term\u00e9kek Erd\u00e9ly sz\u00edv\u00e9b\u0151l\",\"potentialAction\":[{\"@type\":\"SearchAction\",\"target\":{\"@type\":\"EntryPoint\",\"urlTemplate\":\"https:\\\/\\\/binaturalproducts.com\\\/?s={search_term_string}\"},\"query-input\":{\"@type\":\"PropertyValueSpecification\",\"valueRequired\":true,\"valueName\":\"search_term_string\"}}],\"inLanguage\":\"ro-RO\"}]}<\/script>\n<!-- \/ Yoast SEO plugin. -->","yoast_head_json":{"title":"Pudr\u0103 cu argil\u0103 ro\u0219ie pentru cur\u0103\u021barea din\u021bilor - Binaturalproducts","description":"Pudr\u0103 natural\u0103 pentru cur\u0103\u021barea din\u021bilor cu argil\u0103 ro\u0219ie, ment\u0103 \u0219i ulei esen\u021bial de lavand\u0103 pentru cur\u0103\u021barea \u0219i \u00eengrijirea excelent\u0103 a din\u021bilor pentru un z\u00e2mbet mai s\u0103n\u0103tos!","robots":{"index":"index","follow":"follow","max-snippet":"max-snippet:-1","max-image-preview":"max-image-preview:large","max-video-preview":"max-video-preview:-1"},"canonical":"https:\/\/binaturalproducts.com\/ro\/produs\/pudra-cu-argila-rosie-pentru-curatarea-dintilor\/","og_locale":"ro_RO","og_type":"article","og_title":"Nat\u00far fogtiszt\u00edt\u00f3 por v\u00f6r\u00f6s agyaggal - Binaturalproducts","og_description":"Nat\u00far fogtiszt\u00edt\u00f3 por v\u00f6r\u00f6s agyaggal, menta \u00e9s levendula ill\u00f3olajjal a fogak kiv\u00e1l\u00f3 tiszt\u00edt\u00e1s\u00e1ra \u00e9s \u00e1pol\u00e1s\u00e1ra az eg\u00e9szs\u00e9gesebb mosoly\u00e9rt!","og_url":"https:\/\/binaturalproducts.com\/ro\/produs\/pudra-cu-argila-rosie-pentru-curatarea-dintilor\/","og_site_name":"Binaturalproducts","article_modified_time":"2026-04-02T20:16:58+00:00","og_image":[{"width":1615,"height":1920,"url":"https:\/\/binaturalproducts.com\/wp-content\/uploads\/2021\/08\/1000018496-1.jpg","type":"image\/jpeg"}],"twitter_card":"summary_large_image","twitter_misc":{"Timp estimat pentru citire":"2 minute"},"schema":{"@context":"https:\/\/schema.org","@graph":[{"@type":"WebPage","@id":"https:\/\/binaturalproducts.com\/termek\/natur-fogtisztito-por-voros-agyaggal\/","url":"https:\/\/binaturalproducts.com\/termek\/natur-fogtisztito-por-voros-agyaggal\/","name":"Pudr\u0103 cu argil\u0103 ro\u0219ie pentru cur\u0103\u021barea din\u021bilor - Binaturalproducts","isPartOf":{"@id":"https:\/\/binaturalproducts.com\/#website"},"primaryImageOfPage":{"@id":"https:\/\/binaturalproducts.com\/termek\/natur-fogtisztito-por-voros-agyaggal\/#primaryimage"},"image":{"@id":"https:\/\/binaturalproducts.com\/termek\/natur-fogtisztito-por-voros-agyaggal\/#primaryimage"},"thumbnailUrl":"https:\/\/binaturalproducts.com\/wp-content\/uploads\/2021\/08\/1000018496-1.jpg","datePublished":"2021-08-19T18:54:06+00:00","dateModified":"2026-04-02T20:16:58+00:00","description":"Pudr\u0103 natural\u0103 pentru cur\u0103\u021barea din\u021bilor cu argil\u0103 ro\u0219ie, ment\u0103 \u0219i ulei esen\u021bial de lavand\u0103 pentru cur\u0103\u021barea \u0219i \u00eengrijirea excelent\u0103 a din\u021bilor pentru un z\u00e2mbet mai s\u0103n\u0103tos!","breadcrumb":{"@id":"https:\/\/binaturalproducts.com\/termek\/natur-fogtisztito-por-voros-agyaggal\/#breadcrumb"},"inLanguage":"ro-RO","potentialAction":[{"@type":"ReadAction","target":["https:\/\/binaturalproducts.com\/termek\/natur-fogtisztito-por-voros-agyaggal\/"]}]},{"@type":"ImageObject","inLanguage":"ro-RO","@id":"https:\/\/binaturalproducts.com\/termek\/natur-fogtisztito-por-voros-agyaggal\/#primaryimage","url":"https:\/\/binaturalproducts.com\/wp-content\/uploads\/2021\/08\/1000018496-1.jpg","contentUrl":"https:\/\/binaturalproducts.com\/wp-content\/uploads\/2021\/08\/1000018496-1.jpg","width":1615,"height":1920},{"@type":"BreadcrumbList","@id":"https:\/\/binaturalproducts.com\/termek\/natur-fogtisztito-por-voros-agyaggal\/#breadcrumb","itemListElement":[{"@type":"ListItem","position":1,"name":"Kezd\u0151lap","item":"https:\/\/binaturalproducts.com\/"},{"@type":"ListItem","position":2,"name":"\u00dczlet","item":"https:\/\/binaturalproducts.com\/uzlet\/"},{"@type":"ListItem","position":3,"name":"Nat\u00far fogtiszt\u00edt\u00f3 por v\u00f6r\u00f6s agyaggal"}]},{"@type":"WebSite","@id":"https:\/\/binaturalproducts.com\/#website","url":"https:\/\/binaturalproducts.com\/","name":"Binaturalproducts","description":"PRODUSE NATURALE DIN INIMA TRANSILVANIEI","potentialAction":[{"@type":"SearchAction","target":{"@type":"EntryPoint","urlTemplate":"https:\/\/binaturalproducts.com\/?s={search_term_string}"},"query-input":{"@type":"PropertyValueSpecification","valueRequired":true,"valueName":"search_term_string"}}],"inLanguage":"ro-RO"}]}},"_links":{"self":[{"href":"https:\/\/binaturalproducts.com\/ro\/wp-json\/wp\/v2\/product\/340","targetHints":{"allow":["GET"]}}],"collection":[{"href":"https:\/\/binaturalproducts.com\/ro\/wp-json\/wp\/v2\/product"}],"about":[{"href":"https:\/\/binaturalproducts.com\/ro\/wp-json\/wp\/v2\/types\/product"}],"replies":[{"embeddable":true,"href":"https:\/\/binaturalproducts.com\/ro\/wp-json\/wp\/v2\/comments?post=340"}],"wp:featuredmedia":[{"embeddable":true,"href":"https:\/\/binaturalproducts.com\/ro\/wp-json\/wp\/v2\/media\/6440"}],"wp:attachment":[{"href":"https:\/\/binaturalproducts.com\/ro\/wp-json\/wp\/v2\/media?parent=340"}],"wp:term":[{"taxonomy":"product_brand","embeddable":true,"href":"https:\/\/binaturalproducts.com\/ro\/wp-json\/wp\/v2\/product_brand?post=340"},{"taxonomy":"product_cat","embeddable":true,"href":"https:\/\/binaturalproducts.com\/ro\/wp-json\/wp\/v2\/product_cat?post=340"},{"taxonomy":"product_tag","embeddable":true,"href":"https:\/\/binaturalproducts.com\/ro\/wp-json\/wp\/v2\/product_tag?post=340"}],"curies":[{"name":"wp","href":"https:\/\/api.w.org\/{rel}","templated":true}]}}