{"id":337,"date":"2021-08-19T13:15:58","date_gmt":"2021-08-19T11:15:58","guid":{"rendered":"https:\/\/binaturalproducts.com\/?post_type=product&#038;p=337"},"modified":"2026-04-24T18:29:09","modified_gmt":"2026-04-24T16:29:09","slug":"vis-de-portocale-gel-de-dus-natural-cu-portocala-si-argila-rosie","status":"publish","type":"product","link":"https:\/\/binaturalproducts.com\/ro\/produs\/vis-de-portocale-gel-de-dus-natural-cu-portocala-si-argila-rosie\/","title":{"rendered":"Vis de portocale - Gel de du\u0219 natural cu portocal\u0103 \u0219i argil\u0103 ro\u0219ie"},"content":{"rendered":"<p><img loading=\"lazy\" decoding=\"async\" class=\"alignnone wp-image-475\" src=\"https:\/\/binaturalproducts.com\/wp-content\/uploads\/2021\/11\/Nevtelen-terv-4-2-300x169.png\" alt=\"\" width=\"341\" height=\"192\" srcset=\"https:\/\/binaturalproducts.com\/wp-content\/uploads\/2021\/11\/Nevtelen-terv-4-2-300x169.png 300w, https:\/\/binaturalproducts.com\/wp-content\/uploads\/2021\/11\/Nevtelen-terv-4-2-1024x577.png 1024w, https:\/\/binaturalproducts.com\/wp-content\/uploads\/2021\/11\/Nevtelen-terv-4-2-768x433.png 768w, https:\/\/binaturalproducts.com\/wp-content\/uploads\/2021\/11\/Nevtelen-terv-4-2-1536x865.png 1536w, https:\/\/binaturalproducts.com\/wp-content\/uploads\/2021\/11\/Nevtelen-terv-4-2-18x10.png 18w, https:\/\/binaturalproducts.com\/wp-content\/uploads\/2021\/11\/Nevtelen-terv-4-2-600x338.png 600w, https:\/\/binaturalproducts.com\/wp-content\/uploads\/2021\/11\/Nevtelen-terv-4-2.png 1640w\" sizes=\"auto, (max-width: 341px) 100vw, 341px\" \/><\/p>\n<p>Cine are probleme cu utilizarea s\u0103punului, recomand\u0103m cu \u00eendr\u0103zneal\u0103 acest gel de du\u0219 care este f\u0103r\u0103 s\u0103pun, nu usuc\u0103 pielea, o cur\u0103\u021b\u0103 fin \u0219i o hr\u0103ne\u0219te.<\/p>\n<p>Acest Gel de du\u0219 natural are urm\u0103toarele ingrediente: ca material de baz\u0103 am ales cel mai bl\u00e2nd surfactant vegetal la care am ad\u0103ugat ulei de g\u0103lbenele cu efecte benefice multilaterale.<\/p>\n<p><span class=\"pq6dq46d tbxw36s4 knj5qynh kvgmc6g5 ditlmg2l oygrvhab nvdbi5me sf5mxxl7 gl3lb2sf hhz5lgdu\"><img loading=\"lazy\" decoding=\"async\" src=\"https:\/\/static.xx.fbcdn.net\/images\/emoji.php\/v9\/t1a\/1\/16\/1f3f5.png\" alt=\"\ud83c\udff5\ufe0f\" width=\"16\" height=\"16\" \/> <\/span>Uleiul de g\u0103lbenele este un ulei antiinflamator \u0219i regenerator pentru piele. Este eficient \u00een atenuarea pielii iritante, iar mul\u021bumit\u0103 con\u021binutului de carotenoide \u0219i flavonoide are efect antioxidant, totodat\u0103 \u00eenchide rana (efect cicatrizant) \u0219i ajut\u0103 la stimularea peelingului.<\/p>\n<p>Gelul de du\u0219 are un u\u0219or efect de peeling datorit\u0103 argilei ro\u0219ii. Argila ro\u0219ie are un efect benefic asupra pielii \u00eempreun\u0103 cu uleiurile esen\u021biale alese de noi (portocal\u0103 dulce, arbore de ceai): cur\u0103\u021b\u0103 \u0219i detoxific\u0103 pielea, absoarbe impurit\u0103\u021bile \u0219i excesul de gr\u0103sime, furniz\u00e2nd s\u0103ruri minerale \u00een piele.<\/p>\n<p><em>Uleiul de portocale \u0219i extractul de vanilie \u00eei confer\u0103 o arom\u0103 pl\u0103cut\u0103 \u0219i interesant\u0103.<\/em><\/p>\n<div class=\"dati1w0a f10w8fjw hv4rvrfc discj3wi\">\n<div><strong>Mod de folosire:\u00a0<\/strong>aplica\u021bi cantitatea dorit\u0103 pe zona de piele de cur\u0103\u021bat, apoi cl\u0103ti\u021bi.<\/div>\n<div><strong><br \/>\nDepozitare: <\/strong>este ideal s\u0103 \u021bine\u021bi \u00eentr-un vas de s\u0103pun cu z\u0103brele, ca dup\u0103 utilizare excesul de ap\u0103 s\u0103 poat\u0103 scurge cu u\u0219urin\u021b\u0103 \u0219i s\u0103 se poate usca, astfel poate fi utilizat \u00eentr-un timp \u00eendelungat.<\/div>\n<\/div>\n<div><\/div>\n<div class=\"dati1w0a f10w8fjw hv4rvrfc discj3wi\">\n<div>\n<div>Folosind gelul de du\u0219 natural \u00ee\u021bi protejezi mediul\u00a0<span class=\"pq6dq46d tbxw36s4 knj5qynh kvgmc6g5 ditlmg2l oygrvhab nvdbi5me sf5mxxl7 gl3lb2sf hhz5lgdu\"><img loading=\"lazy\" decoding=\"async\" src=\"https:\/\/static.xx.fbcdn.net\/images\/emoji.php\/v9\/t3f\/1\/16\/1f30d.png\" alt=\"\ud83c\udf0d\" width=\"16\" height=\"16\" \/><\/span>\u00a0dar \u0219i propriul t\u0103u organism, deoarece acestea sunt f\u0103cute din ingrediente naturale.<span class=\"pq6dq46d tbxw36s4 knj5qynh kvgmc6g5 ditlmg2l oygrvhab nvdbi5me sf5mxxl7 gl3lb2sf hhz5lgdu\"><img loading=\"lazy\" decoding=\"async\" src=\"https:\/\/static.xx.fbcdn.net\/images\/emoji.php\/v9\/t1e\/1\/16\/1f33f.png\" alt=\"\ud83c\udf3f\" width=\"16\" height=\"16\" \/><\/span> Nu con\u021bine:<\/div>\n<ul>\n<li>chemicalele<\/li>\n<li>ingrediente de origine animal\u0103,<\/li>\n<li>Sodium Laureth\/Lauryl Sulfate-ot (SLS-t) \u00e9s SLA-t,<\/li>\n<li>deriva\u021bi de silicon<\/li>\n<li>conservantele<\/li>\n<\/ul>\n<\/div>\n<\/div>\n<p>Este o alegere perfect\u0103 dac\u0103 c\u0103l\u0103tore\u0219ti fiindc\u0103 nu trebuie s\u0103 cari cu tine flacoane de plastic, ocup\u0103 un spa\u021biu mic \u00een geant\u0103, se uzeaz\u0103 lent \u0219i dureaz\u0103 mult.\u00a0<span class=\"pq6dq46d tbxw36s4 knj5qynh kvgmc6g5 ditlmg2l oygrvhab nvdbi5me sf5mxxl7 gl3lb2sf hhz5lgdu\"><img loading=\"lazy\" decoding=\"async\" src=\"https:\/\/static.xx.fbcdn.net\/images\/emoji.php\/v9\/t4c\/1\/16\/1f642.png\" alt=\"\ud83d\ude42\" width=\"16\" height=\"16\" \/><\/span><br \/>\nEste o solu\u021bie prietenoas\u0103 fa\u021b\u0103 de mediu deoarece nu produce\u021bi de\u0219euri plastice care se descompun foarte greu.<\/p>\n<p><strong>Cantitate<\/strong>: 95+-10 gr<\/p>\n<p><strong>Valabilitate<\/strong>: precizat pe eticheta produsului, in general 12 luni de la data fabricatiei.<\/p>","protected":false},"excerpt":{"rendered":"<p>Cine are probleme cu utilizarea s\u0103punului, recomand\u0103m cu \u00eendr\u0103zneal\u0103 acest gel de du\u0219 care este f\u0103r\u0103 s\u0103pun, nu usuc\u0103 pielea, o cur\u0103\u021b\u0103 fin \u0219i o hr\u0103ne\u0219te.<\/p>","protected":false},"featured_media":338,"comment_status":"open","ping_status":"closed","template":"","meta":[],"product_brand":[],"product_cat":[45,27],"product_tag":[],"class_list":{"0":"post-337","1":"product","2":"type-product","3":"status-publish","4":"has-post-thumbnail","6":"product_cat-osszes","7":"product_cat-higienia","9":"first","10":"instock","11":"shipping-taxable","12":"purchasable","13":"product-type-simple"},"yoast_head":"<!-- This site is optimized with the Yoast SEO plugin v27.4 - https:\/\/yoast.com\/product\/yoast-seo-wordpress\/ -->\n<title>Narancsos \u00e1lom- nat\u00far narancsos tusf\u00fcrd\u0151 t\u00f6mb v\u00f6r\u00f6s agyaggal - Binaturalproducts<\/title>\n<meta name=\"description\" content=\"Akinek gondot okoz a szappan haszn\u00e1lata, annak b\u00e1tran aj\u00e1nljuk ezt a tusf\u00fcrd\u0151 t\u00f6mb\u00f6t, amely szappanmentes, nem sz\u00e1r\u00edtja ki a b\u0151rt, finoman tiszt\u00edtja \u00e9s t\u00e1pl\u00e1lja azt.\" \/>\n<meta name=\"robots\" content=\"index, follow, max-snippet:-1, max-image-preview:large, max-video-preview:-1\" \/>\n<link rel=\"canonical\" href=\"https:\/\/binaturalproducts.com\/ro\/produs\/vis-de-portocale-gel-de-dus-natural-cu-portocala-si-argila-rosie\/\" \/>\n<meta property=\"og:locale\" content=\"ro_RO\" \/>\n<meta property=\"og:type\" content=\"article\" \/>\n<meta property=\"og:title\" content=\"Narancsos \u00e1lom- nat\u00far narancsos tusf\u00fcrd\u0151 t\u00f6mb v\u00f6r\u00f6s agyaggal - Binaturalproducts\" \/>\n<meta property=\"og:description\" content=\"Akinek gondot okoz a szappan haszn\u00e1lata, annak b\u00e1tran aj\u00e1nljuk ezt a tusf\u00fcrd\u0151 t\u00f6mb\u00f6t, amely szappanmentes, nem sz\u00e1r\u00edtja ki a b\u0151rt, finoman tiszt\u00edtja \u00e9s t\u00e1pl\u00e1lja azt.\" \/>\n<meta property=\"og:url\" content=\"https:\/\/binaturalproducts.com\/ro\/produs\/vis-de-portocale-gel-de-dus-natural-cu-portocala-si-argila-rosie\/\" \/>\n<meta property=\"og:site_name\" content=\"Binaturalproducts\" \/>\n<meta property=\"article:modified_time\" content=\"2026-04-24T16:29:09+00:00\" \/>\n<meta property=\"og:image\" content=\"https:\/\/binaturalproducts.com\/wp-content\/uploads\/2021\/08\/narancsos-tusfurdo-tomb-1.jpg\" \/>\n\t<meta property=\"og:image:width\" content=\"2048\" \/>\n\t<meta property=\"og:image:height\" content=\"1373\" \/>\n\t<meta property=\"og:image:type\" content=\"image\/jpeg\" \/>\n<meta name=\"twitter:card\" content=\"summary_large_image\" \/>\n<meta name=\"twitter:label1\" content=\"Timp estimat pentru citire\" \/>\n\t<meta name=\"twitter:data1\" content=\"3 minute\" \/>\n<script type=\"application\/ld+json\" class=\"yoast-schema-graph\">{\"@context\":\"https:\\\/\\\/schema.org\",\"@graph\":[{\"@type\":\"WebPage\",\"@id\":\"https:\\\/\\\/binaturalproducts.com\\\/termek\\\/narancsos-alom-natur-narancsos-tusfurdo-tomb-voros-agyaggal\\\/\",\"url\":\"https:\\\/\\\/binaturalproducts.com\\\/termek\\\/narancsos-alom-natur-narancsos-tusfurdo-tomb-voros-agyaggal\\\/\",\"name\":\"Narancsos \u00e1lom- nat\u00far narancsos tusf\u00fcrd\u0151 t\u00f6mb v\u00f6r\u00f6s agyaggal - Binaturalproducts\",\"isPartOf\":{\"@id\":\"https:\\\/\\\/binaturalproducts.com\\\/#website\"},\"primaryImageOfPage\":{\"@id\":\"https:\\\/\\\/binaturalproducts.com\\\/termek\\\/narancsos-alom-natur-narancsos-tusfurdo-tomb-voros-agyaggal\\\/#primaryimage\"},\"image\":{\"@id\":\"https:\\\/\\\/binaturalproducts.com\\\/termek\\\/narancsos-alom-natur-narancsos-tusfurdo-tomb-voros-agyaggal\\\/#primaryimage\"},\"thumbnailUrl\":\"https:\\\/\\\/binaturalproducts.com\\\/wp-content\\\/uploads\\\/2021\\\/08\\\/narancsos-tusfurdo-tomb-1.jpg\",\"datePublished\":\"2021-08-19T11:15:58+00:00\",\"dateModified\":\"2026-04-24T16:29:09+00:00\",\"description\":\"Akinek gondot okoz a szappan haszn\u00e1lata, annak b\u00e1tran aj\u00e1nljuk ezt a tusf\u00fcrd\u0151 t\u00f6mb\u00f6t, amely szappanmentes, nem sz\u00e1r\u00edtja ki a b\u0151rt, finoman tiszt\u00edtja \u00e9s t\u00e1pl\u00e1lja azt.\",\"breadcrumb\":{\"@id\":\"https:\\\/\\\/binaturalproducts.com\\\/termek\\\/narancsos-alom-natur-narancsos-tusfurdo-tomb-voros-agyaggal\\\/#breadcrumb\"},\"inLanguage\":\"ro-RO\",\"potentialAction\":[{\"@type\":\"ReadAction\",\"target\":[\"https:\\\/\\\/binaturalproducts.com\\\/termek\\\/narancsos-alom-natur-narancsos-tusfurdo-tomb-voros-agyaggal\\\/\"]}]},{\"@type\":\"ImageObject\",\"inLanguage\":\"ro-RO\",\"@id\":\"https:\\\/\\\/binaturalproducts.com\\\/termek\\\/narancsos-alom-natur-narancsos-tusfurdo-tomb-voros-agyaggal\\\/#primaryimage\",\"url\":\"https:\\\/\\\/binaturalproducts.com\\\/wp-content\\\/uploads\\\/2021\\\/08\\\/narancsos-tusfurdo-tomb-1.jpg\",\"contentUrl\":\"https:\\\/\\\/binaturalproducts.com\\\/wp-content\\\/uploads\\\/2021\\\/08\\\/narancsos-tusfurdo-tomb-1.jpg\",\"width\":2048,\"height\":1373,\"caption\":\"Binatural Products - Narancsos \u00e1lom- nat\u00far narancsos tusf\u00fcrd\u0151 t\u00f6mb v\u00f6r\u00f6s agyaggal\"},{\"@type\":\"BreadcrumbList\",\"@id\":\"https:\\\/\\\/binaturalproducts.com\\\/termek\\\/narancsos-alom-natur-narancsos-tusfurdo-tomb-voros-agyaggal\\\/#breadcrumb\",\"itemListElement\":[{\"@type\":\"ListItem\",\"position\":1,\"name\":\"Kezd\u0151lap\",\"item\":\"https:\\\/\\\/binaturalproducts.com\\\/\"},{\"@type\":\"ListItem\",\"position\":2,\"name\":\"\u00dczlet\",\"item\":\"https:\\\/\\\/binaturalproducts.com\\\/uzlet\\\/\"},{\"@type\":\"ListItem\",\"position\":3,\"name\":\"Narancsos \u00e1lom- nat\u00far narancsos tusf\u00fcrd\u0151 t\u00f6mb v\u00f6r\u00f6s agyaggal\"}]},{\"@type\":\"WebSite\",\"@id\":\"https:\\\/\\\/binaturalproducts.com\\\/#website\",\"url\":\"https:\\\/\\\/binaturalproducts.com\\\/\",\"name\":\"Binaturalproducts\",\"description\":\"Nat\u00far term\u00e9kek Erd\u00e9ly sz\u00edv\u00e9b\u0151l\",\"potentialAction\":[{\"@type\":\"SearchAction\",\"target\":{\"@type\":\"EntryPoint\",\"urlTemplate\":\"https:\\\/\\\/binaturalproducts.com\\\/?s={search_term_string}\"},\"query-input\":{\"@type\":\"PropertyValueSpecification\",\"valueRequired\":true,\"valueName\":\"search_term_string\"}}],\"inLanguage\":\"ro-RO\"}]}<\/script>\n<!-- \/ Yoast SEO plugin. -->","yoast_head_json":{"title":"Vis de portocale - Gel de du\u0219 natural cu portocal\u0103 \u0219i argil\u0103 ro\u0219ie - Binaturalproducts","description":"Cine are probleme cu utilizarea s\u0103punului, recomand\u0103m cu \u00eendr\u0103zneal\u0103 acest gel de du\u0219 care este f\u0103r\u0103 s\u0103pun, nu usuc\u0103 pielea, o cur\u0103\u021b\u0103 fin \u0219i o hr\u0103ne\u0219te.","robots":{"index":"index","follow":"follow","max-snippet":"max-snippet:-1","max-image-preview":"max-image-preview:large","max-video-preview":"max-video-preview:-1"},"canonical":"https:\/\/binaturalproducts.com\/ro\/produs\/vis-de-portocale-gel-de-dus-natural-cu-portocala-si-argila-rosie\/","og_locale":"ro_RO","og_type":"article","og_title":"Narancsos \u00e1lom- nat\u00far narancsos tusf\u00fcrd\u0151 t\u00f6mb v\u00f6r\u00f6s agyaggal - Binaturalproducts","og_description":"Akinek gondot okoz a szappan haszn\u00e1lata, annak b\u00e1tran aj\u00e1nljuk ezt a tusf\u00fcrd\u0151 t\u00f6mb\u00f6t, amely szappanmentes, nem sz\u00e1r\u00edtja ki a b\u0151rt, finoman tiszt\u00edtja \u00e9s t\u00e1pl\u00e1lja azt.","og_url":"https:\/\/binaturalproducts.com\/ro\/produs\/vis-de-portocale-gel-de-dus-natural-cu-portocala-si-argila-rosie\/","og_site_name":"Binaturalproducts","article_modified_time":"2026-04-24T16:29:09+00:00","og_image":[{"width":2048,"height":1373,"url":"https:\/\/binaturalproducts.com\/wp-content\/uploads\/2021\/08\/narancsos-tusfurdo-tomb-1.jpg","type":"image\/jpeg"}],"twitter_card":"summary_large_image","twitter_misc":{"Timp estimat pentru citire":"3 minute"},"schema":{"@context":"https:\/\/schema.org","@graph":[{"@type":"WebPage","@id":"https:\/\/binaturalproducts.com\/termek\/narancsos-alom-natur-narancsos-tusfurdo-tomb-voros-agyaggal\/","url":"https:\/\/binaturalproducts.com\/termek\/narancsos-alom-natur-narancsos-tusfurdo-tomb-voros-agyaggal\/","name":"Vis de portocale - Gel de du\u0219 natural cu portocal\u0103 \u0219i argil\u0103 ro\u0219ie - Binaturalproducts","isPartOf":{"@id":"https:\/\/binaturalproducts.com\/#website"},"primaryImageOfPage":{"@id":"https:\/\/binaturalproducts.com\/termek\/narancsos-alom-natur-narancsos-tusfurdo-tomb-voros-agyaggal\/#primaryimage"},"image":{"@id":"https:\/\/binaturalproducts.com\/termek\/narancsos-alom-natur-narancsos-tusfurdo-tomb-voros-agyaggal\/#primaryimage"},"thumbnailUrl":"https:\/\/binaturalproducts.com\/wp-content\/uploads\/2021\/08\/narancsos-tusfurdo-tomb-1.jpg","datePublished":"2021-08-19T11:15:58+00:00","dateModified":"2026-04-24T16:29:09+00:00","description":"Cine are probleme cu utilizarea s\u0103punului, recomand\u0103m cu \u00eendr\u0103zneal\u0103 acest gel de du\u0219 care este f\u0103r\u0103 s\u0103pun, nu usuc\u0103 pielea, o cur\u0103\u021b\u0103 fin \u0219i o hr\u0103ne\u0219te.","breadcrumb":{"@id":"https:\/\/binaturalproducts.com\/termek\/narancsos-alom-natur-narancsos-tusfurdo-tomb-voros-agyaggal\/#breadcrumb"},"inLanguage":"ro-RO","potentialAction":[{"@type":"ReadAction","target":["https:\/\/binaturalproducts.com\/termek\/narancsos-alom-natur-narancsos-tusfurdo-tomb-voros-agyaggal\/"]}]},{"@type":"ImageObject","inLanguage":"ro-RO","@id":"https:\/\/binaturalproducts.com\/termek\/narancsos-alom-natur-narancsos-tusfurdo-tomb-voros-agyaggal\/#primaryimage","url":"https:\/\/binaturalproducts.com\/wp-content\/uploads\/2021\/08\/narancsos-tusfurdo-tomb-1.jpg","contentUrl":"https:\/\/binaturalproducts.com\/wp-content\/uploads\/2021\/08\/narancsos-tusfurdo-tomb-1.jpg","width":2048,"height":1373,"caption":"Binatural Products - Narancsos \u00e1lom- nat\u00far narancsos tusf\u00fcrd\u0151 t\u00f6mb v\u00f6r\u00f6s agyaggal"},{"@type":"BreadcrumbList","@id":"https:\/\/binaturalproducts.com\/termek\/narancsos-alom-natur-narancsos-tusfurdo-tomb-voros-agyaggal\/#breadcrumb","itemListElement":[{"@type":"ListItem","position":1,"name":"Kezd\u0151lap","item":"https:\/\/binaturalproducts.com\/"},{"@type":"ListItem","position":2,"name":"\u00dczlet","item":"https:\/\/binaturalproducts.com\/uzlet\/"},{"@type":"ListItem","position":3,"name":"Narancsos \u00e1lom- nat\u00far narancsos tusf\u00fcrd\u0151 t\u00f6mb v\u00f6r\u00f6s agyaggal"}]},{"@type":"WebSite","@id":"https:\/\/binaturalproducts.com\/#website","url":"https:\/\/binaturalproducts.com\/","name":"Binaturalproducts","description":"PRODUSE NATURALE DIN INIMA TRANSILVANIEI","potentialAction":[{"@type":"SearchAction","target":{"@type":"EntryPoint","urlTemplate":"https:\/\/binaturalproducts.com\/?s={search_term_string}"},"query-input":{"@type":"PropertyValueSpecification","valueRequired":true,"valueName":"search_term_string"}}],"inLanguage":"ro-RO"}]}},"_links":{"self":[{"href":"https:\/\/binaturalproducts.com\/ro\/wp-json\/wp\/v2\/product\/337","targetHints":{"allow":["GET"]}}],"collection":[{"href":"https:\/\/binaturalproducts.com\/ro\/wp-json\/wp\/v2\/product"}],"about":[{"href":"https:\/\/binaturalproducts.com\/ro\/wp-json\/wp\/v2\/types\/product"}],"replies":[{"embeddable":true,"href":"https:\/\/binaturalproducts.com\/ro\/wp-json\/wp\/v2\/comments?post=337"}],"wp:featuredmedia":[{"embeddable":true,"href":"https:\/\/binaturalproducts.com\/ro\/wp-json\/wp\/v2\/media\/338"}],"wp:attachment":[{"href":"https:\/\/binaturalproducts.com\/ro\/wp-json\/wp\/v2\/media?parent=337"}],"wp:term":[{"taxonomy":"product_brand","embeddable":true,"href":"https:\/\/binaturalproducts.com\/ro\/wp-json\/wp\/v2\/product_brand?post=337"},{"taxonomy":"product_cat","embeddable":true,"href":"https:\/\/binaturalproducts.com\/ro\/wp-json\/wp\/v2\/product_cat?post=337"},{"taxonomy":"product_tag","embeddable":true,"href":"https:\/\/binaturalproducts.com\/ro\/wp-json\/wp\/v2\/product_tag?post=337"}],"curies":[{"name":"wp","href":"https:\/\/api.w.org\/{rel}","templated":true}]}}