{"id":335,"date":"2021-08-19T12:33:31","date_gmt":"2021-08-19T10:33:31","guid":{"rendered":"https:\/\/binaturalproducts.com\/?post_type=product&#038;p=335"},"modified":"2026-02-23T19:37:20","modified_gmt":"2026-02-23T17:37:20","slug":"gel-de-dus-solid-natural-cu-menta-si-argila-verde","status":"publish","type":"product","link":"https:\/\/binaturalproducts.com\/ro\/produs\/gel-de-dus-solid-natural-cu-menta-si-argila-verde\/","title":{"rendered":"Gel de du\u0219 solid natural cu ment\u0103 \u0219i argil\u0103 verde"},"content":{"rendered":"<div class=\"dati1w0a f10w8fjw hv4rvrfc discj3wi\">\n<div>\n<div>\n<p><img loading=\"lazy\" decoding=\"async\" class=\"alignnone wp-image-475\" src=\"https:\/\/binaturalproducts.com\/wp-content\/uploads\/2021\/11\/Nevtelen-terv-4-2-300x169.png\" alt=\"\" width=\"321\" height=\"181\" srcset=\"https:\/\/binaturalproducts.com\/wp-content\/uploads\/2021\/11\/Nevtelen-terv-4-2-300x169.png 300w, https:\/\/binaturalproducts.com\/wp-content\/uploads\/2021\/11\/Nevtelen-terv-4-2-1024x577.png 1024w, https:\/\/binaturalproducts.com\/wp-content\/uploads\/2021\/11\/Nevtelen-terv-4-2-768x433.png 768w, https:\/\/binaturalproducts.com\/wp-content\/uploads\/2021\/11\/Nevtelen-terv-4-2-1536x865.png 1536w, https:\/\/binaturalproducts.com\/wp-content\/uploads\/2021\/11\/Nevtelen-terv-4-2-18x10.png 18w, https:\/\/binaturalproducts.com\/wp-content\/uploads\/2021\/11\/Nevtelen-terv-4-2-600x338.png 600w, https:\/\/binaturalproducts.com\/wp-content\/uploads\/2021\/11\/Nevtelen-terv-4-2.png 1640w\" sizes=\"auto, (max-width: 321px) 100vw, 321px\" \/><\/p>\n<\/div>\n<\/div>\n<\/div>\n<div class=\"cwj9ozl2 i09qtzwb n7fi1qx3 lpgh02oy j9ispegn\">\n<div class=\"cxgpxx05 hv4rvrfc sj5x9vvc dati1w0a j83agx80 btwxx1t3 lzcic4wl\">\n<div class=\"rj1gh0hx buofh1pr ni8dbmo4 stjgntxs rz4wbd8a\">\n<form class=\"o6r2urh6 l9j0dhe7 b3i9ofy5 e72ty7fz qlfml3jp inkptoze qmr60zad rt8b4zig n8ej3o3l agehan2d sk4xxmp2 j83agx80 bkfpd7mw\" role=\"presentation\" action=\"\">\n<div class=\"m9osqain jq4qci2q b1v8xokw ltmttdrg g0qnabr5 r2ndix9n o6r2urh6 mg4g778l buofh1pr g5gj957u ni8dbmo4 stjgntxs cxgpxx05 d1544ag0 sj5x9vvc tw6a2znq\" data-visualcompletion=\"ignore\">\n<div class=\"l9j0dhe7\">\n<div class=\"oo9gr5id lzcic4wl jm1wdb64 l9j0dhe7 gsox5hk5 mdldhsdk ii04i59q notranslate\" role=\"textbox\" contenteditable=\"true\" spellcheck=\"true\" aria-label=\"Hozz\u00e1sz\u00f3l\u00e1s \u00edr\u00e1sa\" data-outline-editor=\"true\">\n<p>Pentru cei care au probleme cu utilizarea s\u0103punului, recomand\u0103m cu insisten\u021b\u0103 acest bloc de du\u0219, care este f\u0103r\u0103 s\u0103pun, nu usuc\u0103 pielea, o cur\u0103\u021b\u0103 delicat, o \u00eemprosp\u0103teaz\u0103 \u0219i o hr\u0103ne\u0219te.<\/p>\n<p>Blocul de cerneal\u0103 Natur este realizat din ingrediente naturale. Ca baz\u0103, am selectat cel mai bl\u00e2nd surfactant vegetal, la care am ad\u0103ugat uleiul de m\u0103sline extravirgin versatil \u0219i uleiul de cocos.<\/p>\n<p>Uleiul de m\u0103sline este bogat \u00een minerale \u0219i vitamine. Are un efect benefic asupra bolilor cronice de piele. Are efect protector \u0219i \u00eent\u00e2rzie \u00eemb\u0103tr\u00e2nirea pielii, con\u021bine fitosteroli \u0219i vitamina E.<br \/>\nBlocul de cerneal\u0103 \u00ee\u0219i datoreaz\u0103 efectul u\u0219or exfoliant \u0219i culoarea gri verzuie argilei verzi. \u00cempreun\u0103 cu uleiurile esen\u021biale pe care le-am selectat (ment\u0103, l\u0103m\u00e2ie, arbore de ceai), argila verde \u00ee\u0219i exercit\u0103 efectul benefic asupra pielii: \u00eemprosp\u0103teaz\u0103, cur\u0103\u021b\u0103, detoxific\u0103 pielea, absoarbe impurit\u0103\u021bile, livreaz\u0103 pielii \u00een exces de sebum \u0219i s\u0103ruri minerale.<\/p>\n<p>Uleiul de ment\u0103 \u0219i l\u0103m\u00e2ie \u00eel confer\u0103 o arom\u0103 proasp\u0103t\u0103 \u0219i interesant\u0103.<\/p>\n<p class=\"translation-block\">Ingrediente principale: tensid\u0103 cocos, ulei de m\u0103sline, ulei de cocos, argil\u0103 verde, uleiuri esen\u021biale: ment\u0103, l\u0103m\u00e2ie \u0219i tea tree<\/p>\n<p><strong>Mod de folosire:<\/strong>\u00a0aplica\u021bi cantitatea dorit\u0103 pe zona de piele de cur\u0103\u021bat, apoi cl\u0103ti\u021bi.<\/p>\n<p><strong>Depozitare:<\/strong> este ideal s\u0103 \u021bine\u021bi \u00eentr-un vas de s\u0103pun cu z\u0103brele, ca dup\u0103 utilizare excesul de ap\u0103 s\u0103 poat\u0103 scurge cu u\u0219urin\u021b\u0103 \u0219i s\u0103 se poate usca, astfel poate fi utilizat \u00eentr-un timp \u00eendelungat.<\/p>\n<p>Cu blocurile noastre naturale de du\u0219, nu v\u0103 proteja\u021bi doar mediul, ci \u0219i corpul, deoarece sunt fabricate din ingrediente naturale, nu con\u021bin deriva\u021bi, ingrediente de origine animal\u0103, Laureth\/Lauryl Sulfat (SLS) \u0219i SLA, deriva\u021bi de silicon sau conservan\u021bi.<\/p>\n<p>Este o alegere grozav\u0103 dac\u0103 sunte\u021bi \u00een c\u0103l\u0103torie, deoarece nu trebuie s\u0103 c\u0103ra\u021bi sticlele de plastic, se potrive\u0219te \u00eentr-un spa\u021biu mic \u00een geant\u0103 \u0219i se poart\u0103 \u00eencet, deci rezist\u0103 mult. (suficient pentru aproximativ 80 de averse)<\/p>\n<p>Este o solu\u021bie prietenoas\u0103 fa\u021b\u0103 de mediu deoarece nu produce\u021bi de\u0219euri plastice care se descompun foarte greu.<\/p>\n<p><strong>Cantitate:<\/strong> 90-95 gr<\/p>\n<p><strong>Poate fi folosit:<\/strong> In general 12 luni de la productie.<\/p>\n<\/div>\n<\/div>\n<\/div>\n<input type=\"hidden\" name=\"trp-form-language\" value=\"ro\"\/><\/form>\n<\/div>\n<\/div>\n<\/div>","protected":false},"excerpt":{"rendered":"<p>Pentru cei care au probleme cu utilizarea s\u0103punului, recomand\u0103m acest bloc de du\u0219, care este f\u0103r\u0103 s\u0103pun, nu usuc\u0103 pielea, cur\u0103\u021b\u0103 u\u0219or, \u00eemprosp\u0103teaz\u0103 \u0219i hr\u0103ne\u0219te.<\/p>","protected":false},"featured_media":336,"comment_status":"open","ping_status":"closed","template":"","meta":[],"product_brand":[],"product_cat":[45,27],"product_tag":[],"class_list":{"0":"post-335","1":"product","2":"type-product","3":"status-publish","4":"has-post-thumbnail","6":"product_cat-osszes","7":"product_cat-higienia","9":"first","10":"instock","11":"virtual","12":"purchasable","13":"product-type-simple"},"yoast_head":"<!-- This site is optimized with the Yoast SEO plugin v27.4 - https:\/\/yoast.com\/product\/yoast-seo-wordpress\/ -->\n<title>Nat\u00far ment\u00e1s-citrusos tusf\u00fcrd\u0151 t\u00f6mb - Binaturalproducts<\/title>\n<meta name=\"description\" content=\"Akinek gondot okoz a szappan haszn\u00e1lata, annak aj\u00e1nljuk ezt a tusf\u00fcrd\u0151 t\u00f6mb\u00f6t, amely szappanmentes, nem sz\u00e1r\u00edtja ki a b\u0151rt, finoman tiszt\u00edtja,\u00a0friss\u00edti\u00a0\u00e9s t\u00e1pl\u00e1lja\" \/>\n<meta name=\"robots\" content=\"index, follow, max-snippet:-1, max-image-preview:large, max-video-preview:-1\" \/>\n<link rel=\"canonical\" href=\"https:\/\/binaturalproducts.com\/ro\/produs\/gel-de-dus-solid-natural-cu-menta-si-argila-verde\/\" \/>\n<meta property=\"og:locale\" content=\"ro_RO\" \/>\n<meta property=\"og:type\" content=\"article\" \/>\n<meta property=\"og:title\" content=\"Nat\u00far ment\u00e1s-citrusos tusf\u00fcrd\u0151 t\u00f6mb - Binaturalproducts\" \/>\n<meta property=\"og:description\" content=\"Akinek gondot okoz a szappan haszn\u00e1lata, annak aj\u00e1nljuk ezt a tusf\u00fcrd\u0151 t\u00f6mb\u00f6t, amely szappanmentes, nem sz\u00e1r\u00edtja ki a b\u0151rt, finoman tiszt\u00edtja,\u00a0friss\u00edti\u00a0\u00e9s t\u00e1pl\u00e1lja\" \/>\n<meta property=\"og:url\" content=\"https:\/\/binaturalproducts.com\/ro\/produs\/gel-de-dus-solid-natural-cu-menta-si-argila-verde\/\" \/>\n<meta property=\"og:site_name\" content=\"Binaturalproducts\" \/>\n<meta property=\"article:modified_time\" content=\"2026-02-23T17:37:20+00:00\" \/>\n<meta property=\"og:image\" content=\"https:\/\/binaturalproducts.com\/wp-content\/uploads\/2021\/08\/mentas-tusfurdo-tomb-1.jpg\" \/>\n\t<meta property=\"og:image:width\" content=\"1681\" \/>\n\t<meta property=\"og:image:height\" content=\"1047\" \/>\n\t<meta property=\"og:image:type\" content=\"image\/jpeg\" \/>\n<meta name=\"twitter:card\" content=\"summary_large_image\" \/>\n<meta name=\"twitter:label1\" content=\"Timp estimat pentru citire\" \/>\n\t<meta name=\"twitter:data1\" content=\"2 minute\" \/>\n<script type=\"application\/ld+json\" class=\"yoast-schema-graph\">{\"@context\":\"https:\\\/\\\/schema.org\",\"@graph\":[{\"@type\":\"WebPage\",\"@id\":\"https:\\\/\\\/binaturalproducts.com\\\/termek\\\/natur-mentas-citrusos-tusfurdo-tomb\\\/\",\"url\":\"https:\\\/\\\/binaturalproducts.com\\\/termek\\\/natur-mentas-citrusos-tusfurdo-tomb\\\/\",\"name\":\"Nat\u00far ment\u00e1s-citrusos tusf\u00fcrd\u0151 t\u00f6mb - Binaturalproducts\",\"isPartOf\":{\"@id\":\"https:\\\/\\\/binaturalproducts.com\\\/#website\"},\"primaryImageOfPage\":{\"@id\":\"https:\\\/\\\/binaturalproducts.com\\\/termek\\\/natur-mentas-citrusos-tusfurdo-tomb\\\/#primaryimage\"},\"image\":{\"@id\":\"https:\\\/\\\/binaturalproducts.com\\\/termek\\\/natur-mentas-citrusos-tusfurdo-tomb\\\/#primaryimage\"},\"thumbnailUrl\":\"https:\\\/\\\/binaturalproducts.com\\\/wp-content\\\/uploads\\\/2021\\\/08\\\/mentas-tusfurdo-tomb-1.jpg\",\"datePublished\":\"2021-08-19T10:33:31+00:00\",\"dateModified\":\"2026-02-23T17:37:20+00:00\",\"description\":\"Akinek gondot okoz a szappan haszn\u00e1lata, annak aj\u00e1nljuk ezt a tusf\u00fcrd\u0151 t\u00f6mb\u00f6t, amely szappanmentes, nem sz\u00e1r\u00edtja ki a b\u0151rt, finoman tiszt\u00edtja,\u00a0friss\u00edti\u00a0\u00e9s t\u00e1pl\u00e1lja\",\"breadcrumb\":{\"@id\":\"https:\\\/\\\/binaturalproducts.com\\\/termek\\\/natur-mentas-citrusos-tusfurdo-tomb\\\/#breadcrumb\"},\"inLanguage\":\"ro-RO\",\"potentialAction\":[{\"@type\":\"ReadAction\",\"target\":[\"https:\\\/\\\/binaturalproducts.com\\\/termek\\\/natur-mentas-citrusos-tusfurdo-tomb\\\/\"]}]},{\"@type\":\"ImageObject\",\"inLanguage\":\"ro-RO\",\"@id\":\"https:\\\/\\\/binaturalproducts.com\\\/termek\\\/natur-mentas-citrusos-tusfurdo-tomb\\\/#primaryimage\",\"url\":\"https:\\\/\\\/binaturalproducts.com\\\/wp-content\\\/uploads\\\/2021\\\/08\\\/mentas-tusfurdo-tomb-1.jpg\",\"contentUrl\":\"https:\\\/\\\/binaturalproducts.com\\\/wp-content\\\/uploads\\\/2021\\\/08\\\/mentas-tusfurdo-tomb-1.jpg\",\"width\":1681,\"height\":1047,\"caption\":\"Binatural Products - Nat\u00far ment\u00e1s-citrusos tusf\u00fcrd\u0151 t\u00f6mb\"},{\"@type\":\"BreadcrumbList\",\"@id\":\"https:\\\/\\\/binaturalproducts.com\\\/termek\\\/natur-mentas-citrusos-tusfurdo-tomb\\\/#breadcrumb\",\"itemListElement\":[{\"@type\":\"ListItem\",\"position\":1,\"name\":\"Kezd\u0151lap\",\"item\":\"https:\\\/\\\/binaturalproducts.com\\\/\"},{\"@type\":\"ListItem\",\"position\":2,\"name\":\"\u00dczlet\",\"item\":\"https:\\\/\\\/binaturalproducts.com\\\/uzlet\\\/\"},{\"@type\":\"ListItem\",\"position\":3,\"name\":\"Nat\u00far ment\u00e1s-citrusos tusf\u00fcrd\u0151 t\u00f6mb\"}]},{\"@type\":\"WebSite\",\"@id\":\"https:\\\/\\\/binaturalproducts.com\\\/#website\",\"url\":\"https:\\\/\\\/binaturalproducts.com\\\/\",\"name\":\"Binaturalproducts\",\"description\":\"Nat\u00far term\u00e9kek Erd\u00e9ly sz\u00edv\u00e9b\u0151l\",\"potentialAction\":[{\"@type\":\"SearchAction\",\"target\":{\"@type\":\"EntryPoint\",\"urlTemplate\":\"https:\\\/\\\/binaturalproducts.com\\\/?s={search_term_string}\"},\"query-input\":{\"@type\":\"PropertyValueSpecification\",\"valueRequired\":true,\"valueName\":\"search_term_string\"}}],\"inLanguage\":\"ro-RO\"}]}<\/script>\n<!-- \/ Yoast SEO plugin. -->","yoast_head_json":{"title":"Gel de du\u0219 solid natural cu ment\u0103 \u0219i argil\u0103 verde - Binaturalproducts","description":"Pentru cei care au probleme cu utilizarea s\u0103punului, recomand\u0103m acest bloc de du\u0219, care este f\u0103r\u0103 s\u0103pun, nu usuc\u0103 pielea, cur\u0103\u021b\u0103 u\u0219or, \u00eemprosp\u0103teaz\u0103 \u0219i hr\u0103ne\u0219te.","robots":{"index":"index","follow":"follow","max-snippet":"max-snippet:-1","max-image-preview":"max-image-preview:large","max-video-preview":"max-video-preview:-1"},"canonical":"https:\/\/binaturalproducts.com\/ro\/produs\/gel-de-dus-solid-natural-cu-menta-si-argila-verde\/","og_locale":"ro_RO","og_type":"article","og_title":"Nat\u00far ment\u00e1s-citrusos tusf\u00fcrd\u0151 t\u00f6mb - Binaturalproducts","og_description":"Akinek gondot okoz a szappan haszn\u00e1lata, annak aj\u00e1nljuk ezt a tusf\u00fcrd\u0151 t\u00f6mb\u00f6t, amely szappanmentes, nem sz\u00e1r\u00edtja ki a b\u0151rt, finoman tiszt\u00edtja,\u00a0friss\u00edti\u00a0\u00e9s t\u00e1pl\u00e1lja","og_url":"https:\/\/binaturalproducts.com\/ro\/produs\/gel-de-dus-solid-natural-cu-menta-si-argila-verde\/","og_site_name":"Binaturalproducts","article_modified_time":"2026-02-23T17:37:20+00:00","og_image":[{"width":1681,"height":1047,"url":"https:\/\/binaturalproducts.com\/wp-content\/uploads\/2021\/08\/mentas-tusfurdo-tomb-1.jpg","type":"image\/jpeg"}],"twitter_card":"summary_large_image","twitter_misc":{"Timp estimat pentru citire":"2 minute"},"schema":{"@context":"https:\/\/schema.org","@graph":[{"@type":"WebPage","@id":"https:\/\/binaturalproducts.com\/termek\/natur-mentas-citrusos-tusfurdo-tomb\/","url":"https:\/\/binaturalproducts.com\/termek\/natur-mentas-citrusos-tusfurdo-tomb\/","name":"Gel de du\u0219 solid natural cu ment\u0103 \u0219i argil\u0103 verde - Binaturalproducts","isPartOf":{"@id":"https:\/\/binaturalproducts.com\/#website"},"primaryImageOfPage":{"@id":"https:\/\/binaturalproducts.com\/termek\/natur-mentas-citrusos-tusfurdo-tomb\/#primaryimage"},"image":{"@id":"https:\/\/binaturalproducts.com\/termek\/natur-mentas-citrusos-tusfurdo-tomb\/#primaryimage"},"thumbnailUrl":"https:\/\/binaturalproducts.com\/wp-content\/uploads\/2021\/08\/mentas-tusfurdo-tomb-1.jpg","datePublished":"2021-08-19T10:33:31+00:00","dateModified":"2026-02-23T17:37:20+00:00","description":"Pentru cei care au probleme cu utilizarea s\u0103punului, recomand\u0103m acest bloc de du\u0219, care este f\u0103r\u0103 s\u0103pun, nu usuc\u0103 pielea, cur\u0103\u021b\u0103 u\u0219or, \u00eemprosp\u0103teaz\u0103 \u0219i hr\u0103ne\u0219te.","breadcrumb":{"@id":"https:\/\/binaturalproducts.com\/termek\/natur-mentas-citrusos-tusfurdo-tomb\/#breadcrumb"},"inLanguage":"ro-RO","potentialAction":[{"@type":"ReadAction","target":["https:\/\/binaturalproducts.com\/termek\/natur-mentas-citrusos-tusfurdo-tomb\/"]}]},{"@type":"ImageObject","inLanguage":"ro-RO","@id":"https:\/\/binaturalproducts.com\/termek\/natur-mentas-citrusos-tusfurdo-tomb\/#primaryimage","url":"https:\/\/binaturalproducts.com\/wp-content\/uploads\/2021\/08\/mentas-tusfurdo-tomb-1.jpg","contentUrl":"https:\/\/binaturalproducts.com\/wp-content\/uploads\/2021\/08\/mentas-tusfurdo-tomb-1.jpg","width":1681,"height":1047,"caption":"Binatural Products - Nat\u00far ment\u00e1s-citrusos tusf\u00fcrd\u0151 t\u00f6mb"},{"@type":"BreadcrumbList","@id":"https:\/\/binaturalproducts.com\/termek\/natur-mentas-citrusos-tusfurdo-tomb\/#breadcrumb","itemListElement":[{"@type":"ListItem","position":1,"name":"Kezd\u0151lap","item":"https:\/\/binaturalproducts.com\/"},{"@type":"ListItem","position":2,"name":"\u00dczlet","item":"https:\/\/binaturalproducts.com\/uzlet\/"},{"@type":"ListItem","position":3,"name":"Nat\u00far ment\u00e1s-citrusos tusf\u00fcrd\u0151 t\u00f6mb"}]},{"@type":"WebSite","@id":"https:\/\/binaturalproducts.com\/#website","url":"https:\/\/binaturalproducts.com\/","name":"Binaturalproducts","description":"PRODUSE NATURALE DIN INIMA TRANSILVANIEI","potentialAction":[{"@type":"SearchAction","target":{"@type":"EntryPoint","urlTemplate":"https:\/\/binaturalproducts.com\/?s={search_term_string}"},"query-input":{"@type":"PropertyValueSpecification","valueRequired":true,"valueName":"search_term_string"}}],"inLanguage":"ro-RO"}]}},"_links":{"self":[{"href":"https:\/\/binaturalproducts.com\/ro\/wp-json\/wp\/v2\/product\/335","targetHints":{"allow":["GET"]}}],"collection":[{"href":"https:\/\/binaturalproducts.com\/ro\/wp-json\/wp\/v2\/product"}],"about":[{"href":"https:\/\/binaturalproducts.com\/ro\/wp-json\/wp\/v2\/types\/product"}],"replies":[{"embeddable":true,"href":"https:\/\/binaturalproducts.com\/ro\/wp-json\/wp\/v2\/comments?post=335"}],"wp:featuredmedia":[{"embeddable":true,"href":"https:\/\/binaturalproducts.com\/ro\/wp-json\/wp\/v2\/media\/336"}],"wp:attachment":[{"href":"https:\/\/binaturalproducts.com\/ro\/wp-json\/wp\/v2\/media?parent=335"}],"wp:term":[{"taxonomy":"product_brand","embeddable":true,"href":"https:\/\/binaturalproducts.com\/ro\/wp-json\/wp\/v2\/product_brand?post=335"},{"taxonomy":"product_cat","embeddable":true,"href":"https:\/\/binaturalproducts.com\/ro\/wp-json\/wp\/v2\/product_cat?post=335"},{"taxonomy":"product_tag","embeddable":true,"href":"https:\/\/binaturalproducts.com\/ro\/wp-json\/wp\/v2\/product_tag?post=335"}],"curies":[{"name":"wp","href":"https:\/\/api.w.org\/{rel}","templated":true}]}}