{"id":334,"date":"2021-08-19T16:53:43","date_gmt":"2021-08-19T14:53:43","guid":{"rendered":"https:\/\/binaturalproducts.com\/?post_type=product&#038;p=334"},"modified":"2025-10-20T10:31:48","modified_gmt":"2025-10-20T08:31:48","slug":"bloc-de-spalat-natural-pentru-copii","status":"publish","type":"product","link":"https:\/\/binaturalproducts.com\/ro\/produs\/bloc-de-spalat-natural-pentru-copii\/","title":{"rendered":"Bloc de sp\u0103lat natural pentru copii"},"content":{"rendered":"<div dir=\"auto\">\n<p><strong>Gel de du\u0219 2 \u00een 1 \u0219i baton de \u0219ampon pentru piele sensibil\u0103. Are forma unui nor.<\/strong><\/p>\n<p>A Nat\u00far mosakod\u00f3 t\u00f6mb <em>term\u00e9szetes<\/em> \u00f6sszetev\u0151kb\u0151l k\u00e9sz\u00fclt. Alapul a legk\u00edm\u00e9letesebb n\u00f6v\u00e9nyi tenzidet v\u00e1lasztottuk ki, amelyhez <em>k<\/em>\u00f3kusz olajat \u00e9s glicerint adtunk.<\/p>\n<p>Uleiul de cocos hidrateaza, hraneste si face pielea matasoasa, ajut\u0103 \u00een principal pielea uscat\u0103, descuamat\u0103, aspr\u0103, iar \u00eempreun\u0103 cu glicerina, efectul s\u0103u benefic este sporit.<\/p>\n<p>Mirosul s\u0103u dulce \u0219i fructat provine din extracte naturale de fructe \u0219i ulei de nuc\u0103 de cocos extravirgin. <span class=\"pq6dq46d tbxw36s4 knj5qynh kvgmc6g5 ditlmg2l oygrvhab nvdbi5me sf5mxxl7 gl3lb2sf hhz5lgdu\"><img loading=\"lazy\" decoding=\"async\" src=\"https:\/\/static.xx.fbcdn.net\/images\/emoji.php\/v9\/t38\/1\/16\/1f34a.png\" alt=\"\ud83c\udf4a Ulei esen\u021bial de portocal\u0103 dulce\" width=\"16\" height=\"16\" \/><\/span><span class=\"pq6dq46d tbxw36s4 knj5qynh kvgmc6g5 ditlmg2l oygrvhab nvdbi5me sf5mxxl7 gl3lb2sf hhz5lgdu\"><img loading=\"lazy\" decoding=\"async\" src=\"https:\/\/static.xx.fbcdn.net\/images\/emoji.php\/v9\/td0\/1\/16\/1f965.png\" alt=\"\ud83e\udd65\" width=\"16\" height=\"16\" \/><\/span><span class=\"pq6dq46d tbxw36s4 knj5qynh kvgmc6g5 ditlmg2l oygrvhab nvdbi5me sf5mxxl7 gl3lb2sf hhz5lgdu\"><img loading=\"lazy\" decoding=\"async\" src=\"https:\/\/static.xx.fbcdn.net\/images\/emoji.php\/v9\/ta7\/1\/16\/1f351.png\" alt=\"\ud83c\udf51\" width=\"16\" height=\"16\" \/><\/span><\/p>\n<\/div>\n<div dir=\"auto\">\n<p><span class=\"pq6dq46d tbxw36s4 knj5qynh kvgmc6g5 ditlmg2l oygrvhab nvdbi5me sf5mxxl7 gl3lb2sf hhz5lgdu\">Este fin ca un nor. <img loading=\"lazy\" decoding=\"async\" src=\"https:\/\/static.xx.fbcdn.net\/images\/emoji.php\/v9\/tee\/1\/16\/2601.png\" alt=\"\u2601\ufe0f\" width=\"16\" height=\"16\" \/><img loading=\"lazy\" decoding=\"async\" src=\"https:\/\/static.xx.fbcdn.net\/images\/emoji.php\/v9\/tfb\/1\/16\/263a.png\" alt=\"\u263a\ufe0f\" width=\"16\" height=\"16\" \/><img loading=\"lazy\" decoding=\"async\" src=\"https:\/\/static.xx.fbcdn.net\/images\/emoji.php\/v9\/t2\/1\/16\/1f60d.png\" alt=\"\ud83d\ude0d\" width=\"16\" height=\"16\" \/><\/span><\/p>\n<p><strong>Mod de folosire:\u00a0<\/strong>f\u0103 spum\u0103 pe p\u0103rul \u0219i corpul copiilor sau pe un burete, apoi cl\u0103te\u0219te dup\u0103 utilizare, ca de obicei cu b\u0103i lichide de du\u0219. Ai grij\u0103 s\u0103 nu-\u021bi bagi \u00een ochi, pentru c\u0103 nu este \u201ef\u0103r\u0103 lacrimi\u201d, dac\u0103 \u00ee\u021bi intr\u0103 \u00een ochi, ustur\u0103 ca s\u0103punul.<\/p>\n<p><strong>Depozitare:\u00a0<\/strong>Suportul pentru s\u0103pun este ideal pentru depozitarea acestuia, astfel \u00eenc\u00e2t, dup\u0103 utilizare, excesul de ap\u0103 s\u0103 se picure \u0219i s\u0103 se usuce cu u\u0219urin\u021b\u0103, astfel \u00eenc\u00e2t s\u0103 poat\u0103 fi folosit foarte mult timp.<\/p>\n<p>Cu blocurile noastre naturale de du\u0219, nu v\u0103 proteja\u021bi doar mediul, ci \u0219i corpul, deoarece sunt fabricate din ingrediente naturale \u0219i nu con\u021bin:<\/p>\n<\/div>\n<div dir=\"auto\">\n<div class=\"dati1w0a f10w8fjw hv4rvrfc discj3wi\">\n<ul>\n<li>chemicalele<\/li>\n<li>ingrediente de origine animal\u0103,<\/li>\n<li>Sodium Laureth\/Lauryl Sulfate-ot (SLS-t) \u00e9s SLA-t,<\/li>\n<li>deriva\u021bi de silicon<\/li>\n<li>conservantele<\/li>\n<\/ul>\n<\/div>\n<p>Este o alegere perfect\u0103 dac\u0103 c\u0103l\u0103tore\u0219ti fiindc\u0103 nu trebuie s\u0103 cari cu tine flacoane de plastic, ocup\u0103 un spa\u021biu mic \u00een geant\u0103, se uzeaz\u0103 lent \u0219i dureaz\u0103 mult.\u00a0<span class=\"pq6dq46d tbxw36s4 knj5qynh kvgmc6g5 ditlmg2l oygrvhab nvdbi5me sf5mxxl7 gl3lb2sf hhz5lgdu\"><img loading=\"lazy\" decoding=\"async\" src=\"https:\/\/static.xx.fbcdn.net\/images\/emoji.php\/v9\/t4c\/1\/16\/1f642.png\" alt=\"\ud83d\ude42\" width=\"16\" height=\"16\" \/><br \/>\n<\/span><br \/>\nEste o solu\u021bie prietenoas\u0103 fa\u021b\u0103 de mediu deoarece nu produce\u021bi de\u0219euri plastice care se descompun foarte greu.<\/p>\n<p><strong>Cantitate<\/strong>: 70-75 gr<\/p>\n<\/div>","protected":false},"excerpt":{"rendered":"<p>Blocul de sp\u0103lat natural este realizat din ingrediente naturale. Practic, am selectat cel mai bl\u00e2nd surfactant vegetal, la care am ad\u0103ugat ulei de cocos \u0219i glicerin\u0103.<\/p>","protected":false},"featured_media":339,"comment_status":"open","ping_status":"closed","template":"","meta":[],"product_brand":[],"product_cat":[45,27],"product_tag":[],"class_list":{"0":"post-334","1":"product","2":"type-product","3":"status-publish","4":"has-post-thumbnail","6":"product_cat-osszes","7":"product_cat-higienia","9":"first","10":"instock","11":"shipping-taxable","12":"purchasable","13":"product-type-simple"},"yoast_head":"<!-- This site is optimized with the Yoast SEO plugin v27.4 - https:\/\/yoast.com\/product\/yoast-seo-wordpress\/ -->\n<title>Nat\u00far gyerek mosakod\u00f3 t\u00f6mb - Binaturalproducts<\/title>\n<meta name=\"description\" content=\"A Nat\u00far mosakod\u00f3 t\u00f6mb term\u00e9szetes \u00f6sszetev\u0151kb\u0151l k\u00e9sz\u00fclt. Alapul a legk\u00edm\u00e9letesebb n\u00f6v\u00e9nyi tenzidet v\u00e1lasztottuk ki, amelyhez k\u00f3kusz olajat \u00e9s glicerint adtunk.\" \/>\n<meta name=\"robots\" content=\"index, follow, max-snippet:-1, max-image-preview:large, max-video-preview:-1\" \/>\n<link rel=\"canonical\" href=\"https:\/\/binaturalproducts.com\/ro\/produs\/bloc-de-spalat-natural-pentru-copii\/\" \/>\n<meta property=\"og:locale\" content=\"ro_RO\" \/>\n<meta property=\"og:type\" content=\"article\" \/>\n<meta property=\"og:title\" content=\"Nat\u00far gyerek mosakod\u00f3 t\u00f6mb - Binaturalproducts\" \/>\n<meta property=\"og:description\" content=\"A Nat\u00far mosakod\u00f3 t\u00f6mb term\u00e9szetes \u00f6sszetev\u0151kb\u0151l k\u00e9sz\u00fclt. Alapul a legk\u00edm\u00e9letesebb n\u00f6v\u00e9nyi tenzidet v\u00e1lasztottuk ki, amelyhez k\u00f3kusz olajat \u00e9s glicerint adtunk.\" \/>\n<meta property=\"og:url\" content=\"https:\/\/binaturalproducts.com\/ro\/produs\/bloc-de-spalat-natural-pentru-copii\/\" \/>\n<meta property=\"og:site_name\" content=\"Binaturalproducts\" \/>\n<meta property=\"article:modified_time\" content=\"2025-10-20T08:31:48+00:00\" \/>\n<meta property=\"og:image\" content=\"https:\/\/binaturalproducts.com\/wp-content\/uploads\/2021\/08\/gyerek-mosakodo-tomb-1.jpg\" \/>\n\t<meta property=\"og:image:width\" content=\"1134\" \/>\n\t<meta property=\"og:image:height\" content=\"1214\" \/>\n\t<meta property=\"og:image:type\" content=\"image\/jpeg\" \/>\n<meta name=\"twitter:card\" content=\"summary_large_image\" \/>\n<meta name=\"twitter:label1\" content=\"Timp estimat pentru citire\" \/>\n\t<meta name=\"twitter:data1\" content=\"3 minute\" \/>\n<script type=\"application\/ld+json\" class=\"yoast-schema-graph\">{\"@context\":\"https:\\\/\\\/schema.org\",\"@graph\":[{\"@type\":\"WebPage\",\"@id\":\"https:\\\/\\\/binaturalproducts.com\\\/termek\\\/natur-gyerek-mosakodo-tomb\\\/\",\"url\":\"https:\\\/\\\/binaturalproducts.com\\\/termek\\\/natur-gyerek-mosakodo-tomb\\\/\",\"name\":\"Nat\u00far gyerek mosakod\u00f3 t\u00f6mb - Binaturalproducts\",\"isPartOf\":{\"@id\":\"https:\\\/\\\/binaturalproducts.com\\\/#website\"},\"primaryImageOfPage\":{\"@id\":\"https:\\\/\\\/binaturalproducts.com\\\/termek\\\/natur-gyerek-mosakodo-tomb\\\/#primaryimage\"},\"image\":{\"@id\":\"https:\\\/\\\/binaturalproducts.com\\\/termek\\\/natur-gyerek-mosakodo-tomb\\\/#primaryimage\"},\"thumbnailUrl\":\"https:\\\/\\\/binaturalproducts.com\\\/wp-content\\\/uploads\\\/2021\\\/08\\\/gyerek-mosakodo-tomb-1.jpg\",\"datePublished\":\"2021-08-19T14:53:43+00:00\",\"dateModified\":\"2025-10-20T08:31:48+00:00\",\"description\":\"A Nat\u00far mosakod\u00f3 t\u00f6mb term\u00e9szetes \u00f6sszetev\u0151kb\u0151l k\u00e9sz\u00fclt. Alapul a legk\u00edm\u00e9letesebb n\u00f6v\u00e9nyi tenzidet v\u00e1lasztottuk ki, amelyhez k\u00f3kusz olajat \u00e9s glicerint adtunk.\",\"breadcrumb\":{\"@id\":\"https:\\\/\\\/binaturalproducts.com\\\/termek\\\/natur-gyerek-mosakodo-tomb\\\/#breadcrumb\"},\"inLanguage\":\"ro-RO\",\"potentialAction\":[{\"@type\":\"ReadAction\",\"target\":[\"https:\\\/\\\/binaturalproducts.com\\\/termek\\\/natur-gyerek-mosakodo-tomb\\\/\"]}]},{\"@type\":\"ImageObject\",\"inLanguage\":\"ro-RO\",\"@id\":\"https:\\\/\\\/binaturalproducts.com\\\/termek\\\/natur-gyerek-mosakodo-tomb\\\/#primaryimage\",\"url\":\"https:\\\/\\\/binaturalproducts.com\\\/wp-content\\\/uploads\\\/2021\\\/08\\\/gyerek-mosakodo-tomb-1.jpg\",\"contentUrl\":\"https:\\\/\\\/binaturalproducts.com\\\/wp-content\\\/uploads\\\/2021\\\/08\\\/gyerek-mosakodo-tomb-1.jpg\",\"width\":1134,\"height\":1214,\"caption\":\"Binatural Products - Nat\u00far gyerek mosakod\u00f3 t\u00f6mb\"},{\"@type\":\"BreadcrumbList\",\"@id\":\"https:\\\/\\\/binaturalproducts.com\\\/termek\\\/natur-gyerek-mosakodo-tomb\\\/#breadcrumb\",\"itemListElement\":[{\"@type\":\"ListItem\",\"position\":1,\"name\":\"Kezd\u0151lap\",\"item\":\"https:\\\/\\\/binaturalproducts.com\\\/\"},{\"@type\":\"ListItem\",\"position\":2,\"name\":\"\u00dczlet\",\"item\":\"https:\\\/\\\/binaturalproducts.com\\\/uzlet\\\/\"},{\"@type\":\"ListItem\",\"position\":3,\"name\":\"Nat\u00far gyerek mosakod\u00f3 t\u00f6mb\"}]},{\"@type\":\"WebSite\",\"@id\":\"https:\\\/\\\/binaturalproducts.com\\\/#website\",\"url\":\"https:\\\/\\\/binaturalproducts.com\\\/\",\"name\":\"Binaturalproducts\",\"description\":\"Nat\u00far term\u00e9kek Erd\u00e9ly sz\u00edv\u00e9b\u0151l\",\"potentialAction\":[{\"@type\":\"SearchAction\",\"target\":{\"@type\":\"EntryPoint\",\"urlTemplate\":\"https:\\\/\\\/binaturalproducts.com\\\/?s={search_term_string}\"},\"query-input\":{\"@type\":\"PropertyValueSpecification\",\"valueRequired\":true,\"valueName\":\"search_term_string\"}}],\"inLanguage\":\"ro-RO\"}]}<\/script>\n<!-- \/ Yoast SEO plugin. -->","yoast_head_json":{"title":"Bloc de sp\u0103lat natural pentru copii - Binaturalproducts","description":"Blocul de sp\u0103lat natural este realizat din ingrediente naturale. Practic, am selectat cel mai bl\u00e2nd surfactant vegetal, la care am ad\u0103ugat ulei de cocos \u0219i glicerin\u0103.","robots":{"index":"index","follow":"follow","max-snippet":"max-snippet:-1","max-image-preview":"max-image-preview:large","max-video-preview":"max-video-preview:-1"},"canonical":"https:\/\/binaturalproducts.com\/ro\/produs\/bloc-de-spalat-natural-pentru-copii\/","og_locale":"ro_RO","og_type":"article","og_title":"Nat\u00far gyerek mosakod\u00f3 t\u00f6mb - Binaturalproducts","og_description":"A Nat\u00far mosakod\u00f3 t\u00f6mb term\u00e9szetes \u00f6sszetev\u0151kb\u0151l k\u00e9sz\u00fclt. Alapul a legk\u00edm\u00e9letesebb n\u00f6v\u00e9nyi tenzidet v\u00e1lasztottuk ki, amelyhez k\u00f3kusz olajat \u00e9s glicerint adtunk.","og_url":"https:\/\/binaturalproducts.com\/ro\/produs\/bloc-de-spalat-natural-pentru-copii\/","og_site_name":"Binaturalproducts","article_modified_time":"2025-10-20T08:31:48+00:00","og_image":[{"width":1134,"height":1214,"url":"https:\/\/binaturalproducts.com\/wp-content\/uploads\/2021\/08\/gyerek-mosakodo-tomb-1.jpg","type":"image\/jpeg"}],"twitter_card":"summary_large_image","twitter_misc":{"Timp estimat pentru citire":"3 minute"},"schema":{"@context":"https:\/\/schema.org","@graph":[{"@type":"WebPage","@id":"https:\/\/binaturalproducts.com\/termek\/natur-gyerek-mosakodo-tomb\/","url":"https:\/\/binaturalproducts.com\/termek\/natur-gyerek-mosakodo-tomb\/","name":"Bloc de sp\u0103lat natural pentru copii - Binaturalproducts","isPartOf":{"@id":"https:\/\/binaturalproducts.com\/#website"},"primaryImageOfPage":{"@id":"https:\/\/binaturalproducts.com\/termek\/natur-gyerek-mosakodo-tomb\/#primaryimage"},"image":{"@id":"https:\/\/binaturalproducts.com\/termek\/natur-gyerek-mosakodo-tomb\/#primaryimage"},"thumbnailUrl":"https:\/\/binaturalproducts.com\/wp-content\/uploads\/2021\/08\/gyerek-mosakodo-tomb-1.jpg","datePublished":"2021-08-19T14:53:43+00:00","dateModified":"2025-10-20T08:31:48+00:00","description":"Blocul de sp\u0103lat natural este realizat din ingrediente naturale. Practic, am selectat cel mai bl\u00e2nd surfactant vegetal, la care am ad\u0103ugat ulei de cocos \u0219i glicerin\u0103.","breadcrumb":{"@id":"https:\/\/binaturalproducts.com\/termek\/natur-gyerek-mosakodo-tomb\/#breadcrumb"},"inLanguage":"ro-RO","potentialAction":[{"@type":"ReadAction","target":["https:\/\/binaturalproducts.com\/termek\/natur-gyerek-mosakodo-tomb\/"]}]},{"@type":"ImageObject","inLanguage":"ro-RO","@id":"https:\/\/binaturalproducts.com\/termek\/natur-gyerek-mosakodo-tomb\/#primaryimage","url":"https:\/\/binaturalproducts.com\/wp-content\/uploads\/2021\/08\/gyerek-mosakodo-tomb-1.jpg","contentUrl":"https:\/\/binaturalproducts.com\/wp-content\/uploads\/2021\/08\/gyerek-mosakodo-tomb-1.jpg","width":1134,"height":1214,"caption":"Binatural Products - Nat\u00far gyerek mosakod\u00f3 t\u00f6mb"},{"@type":"BreadcrumbList","@id":"https:\/\/binaturalproducts.com\/termek\/natur-gyerek-mosakodo-tomb\/#breadcrumb","itemListElement":[{"@type":"ListItem","position":1,"name":"Kezd\u0151lap","item":"https:\/\/binaturalproducts.com\/"},{"@type":"ListItem","position":2,"name":"\u00dczlet","item":"https:\/\/binaturalproducts.com\/uzlet\/"},{"@type":"ListItem","position":3,"name":"Nat\u00far gyerek mosakod\u00f3 t\u00f6mb"}]},{"@type":"WebSite","@id":"https:\/\/binaturalproducts.com\/#website","url":"https:\/\/binaturalproducts.com\/","name":"Binaturalproducts","description":"PRODUSE NATURALE DIN INIMA TRANSILVANIEI","potentialAction":[{"@type":"SearchAction","target":{"@type":"EntryPoint","urlTemplate":"https:\/\/binaturalproducts.com\/?s={search_term_string}"},"query-input":{"@type":"PropertyValueSpecification","valueRequired":true,"valueName":"search_term_string"}}],"inLanguage":"ro-RO"}]}},"_links":{"self":[{"href":"https:\/\/binaturalproducts.com\/ro\/wp-json\/wp\/v2\/product\/334","targetHints":{"allow":["GET"]}}],"collection":[{"href":"https:\/\/binaturalproducts.com\/ro\/wp-json\/wp\/v2\/product"}],"about":[{"href":"https:\/\/binaturalproducts.com\/ro\/wp-json\/wp\/v2\/types\/product"}],"replies":[{"embeddable":true,"href":"https:\/\/binaturalproducts.com\/ro\/wp-json\/wp\/v2\/comments?post=334"}],"wp:featuredmedia":[{"embeddable":true,"href":"https:\/\/binaturalproducts.com\/ro\/wp-json\/wp\/v2\/media\/339"}],"wp:attachment":[{"href":"https:\/\/binaturalproducts.com\/ro\/wp-json\/wp\/v2\/media?parent=334"}],"wp:term":[{"taxonomy":"product_brand","embeddable":true,"href":"https:\/\/binaturalproducts.com\/ro\/wp-json\/wp\/v2\/product_brand?post=334"},{"taxonomy":"product_cat","embeddable":true,"href":"https:\/\/binaturalproducts.com\/ro\/wp-json\/wp\/v2\/product_cat?post=334"},{"taxonomy":"product_tag","embeddable":true,"href":"https:\/\/binaturalproducts.com\/ro\/wp-json\/wp\/v2\/product_tag?post=334"}],"curies":[{"name":"wp","href":"https:\/\/api.w.org\/{rel}","templated":true}]}}