{"id":332,"date":"2021-08-17T13:55:45","date_gmt":"2021-08-17T11:55:45","guid":{"rendered":"https:\/\/binaturalproducts.com\/?post_type=product&#038;p=332"},"modified":"2025-04-15T22:25:31","modified_gmt":"2025-04-15T20:25:31","slug":"burete-natural-exfoliant-lufa","status":"publish","type":"product","link":"https:\/\/binaturalproducts.com\/ro\/produs\/burete-natural-exfoliant-lufa\/","title":{"rendered":"Burete natural exfoliant lufa"},"content":{"rendered":"<p>Burete natural, confectionat din lufa este excelent pentru baie, sau pentru sp\u0103larea vaselor.<\/p>\n<p>Freca\u021bi-l u\u0219or pe piele atunci c\u00e2nd face\u021bi baie pentru a stimula circula\u021bia \u0219i a exfolia pielea. \u00cel pute\u021bi folosi \u0219i pe fa\u021b\u0103 \u0219i pe zonele mai dure ale pielii.<\/p>\n<p>Este tare c\u00e2nd se usuc\u0103, dar se \u00eenmoaie c\u00e2nd vine \u00een contact cu apa.<\/p>\n<p>Nu zg\u00e2rie vasele atunci c\u00e2nd se spal\u0103.<\/p>\n<p>Utilizarea: Dac\u0103 este utilizat \u00een mod regulat, este recomandat s\u0103 cur\u0103\u021ba\u021bi s\u0103pt\u0103m\u00e2nal.<\/p>\n<p><em>100% natural cu snur de bumbac, biodegradabil<\/em><\/p>\n<p class=\"translation-block\">Dimensiune 10*5 cm<\/p>","protected":false},"excerpt":{"rendered":"<p>Burete natural, confectionat din lufa este excelent pentru baie, sau pentru sp\u0103larea vaselor.<\/p>","protected":false},"featured_media":333,"comment_status":"open","ping_status":"closed","template":"","meta":[],"product_brand":[],"product_cat":[45,27],"product_tag":[],"class_list":{"0":"post-332","1":"product","2":"type-product","3":"status-publish","4":"has-post-thumbnail","6":"product_cat-osszes","7":"product_cat-higienia","9":"first","10":"instock","11":"shipping-taxable","12":"purchasable","13":"product-type-simple"},"yoast_head":"<!-- This site is optimized with the Yoast SEO plugin v27.4 - https:\/\/yoast.com\/product\/yoast-seo-wordpress\/ -->\n<title>Luffa szivacs - Binaturalproducts<\/title>\n<meta name=\"description\" content=\"A luffa t\u00f6k term\u00e9s\u00e9b\u0151l k\u00e9sz\u00fclt szivacs kiv\u00e1l\u00f3 b\u0151r\u00e1pol\u00e1shoz \u00e9s mosogat\u00e1shoz is egyar\u00e1nt.\" \/>\n<meta name=\"robots\" content=\"index, follow, max-snippet:-1, max-image-preview:large, max-video-preview:-1\" \/>\n<link rel=\"canonical\" href=\"https:\/\/binaturalproducts.com\/ro\/produs\/burete-natural-exfoliant-lufa\/\" \/>\n<meta property=\"og:locale\" content=\"ro_RO\" \/>\n<meta property=\"og:type\" content=\"article\" \/>\n<meta property=\"og:title\" content=\"Luffa szivacs - Binaturalproducts\" \/>\n<meta property=\"og:description\" content=\"A luffa t\u00f6k term\u00e9s\u00e9b\u0151l k\u00e9sz\u00fclt szivacs kiv\u00e1l\u00f3 b\u0151r\u00e1pol\u00e1shoz \u00e9s mosogat\u00e1shoz is egyar\u00e1nt.\" \/>\n<meta property=\"og:url\" content=\"https:\/\/binaturalproducts.com\/ro\/produs\/burete-natural-exfoliant-lufa\/\" \/>\n<meta property=\"og:site_name\" content=\"Binaturalproducts\" \/>\n<meta property=\"article:modified_time\" content=\"2025-04-15T20:25:31+00:00\" \/>\n<meta property=\"og:image\" content=\"https:\/\/binaturalproducts.com\/wp-content\/uploads\/2021\/08\/luffa_schwamm_kaufen_loofah_sponge_4.jpg\" \/>\n\t<meta property=\"og:image:width\" content=\"900\" \/>\n\t<meta property=\"og:image:height\" content=\"675\" \/>\n\t<meta property=\"og:image:type\" content=\"image\/jpeg\" \/>\n<meta name=\"twitter:card\" content=\"summary_large_image\" \/>\n<meta name=\"twitter:label1\" content=\"Timp estimat pentru citire\" \/>\n\t<meta name=\"twitter:data1\" content=\"1 minut\" \/>\n<script type=\"application\/ld+json\" class=\"yoast-schema-graph\">{\"@context\":\"https:\\\/\\\/schema.org\",\"@graph\":[{\"@type\":\"WebPage\",\"@id\":\"https:\\\/\\\/binaturalproducts.com\\\/termek\\\/luffa-szivacs\\\/\",\"url\":\"https:\\\/\\\/binaturalproducts.com\\\/termek\\\/luffa-szivacs\\\/\",\"name\":\"Luffa szivacs - Binaturalproducts\",\"isPartOf\":{\"@id\":\"https:\\\/\\\/binaturalproducts.com\\\/#website\"},\"primaryImageOfPage\":{\"@id\":\"https:\\\/\\\/binaturalproducts.com\\\/termek\\\/luffa-szivacs\\\/#primaryimage\"},\"image\":{\"@id\":\"https:\\\/\\\/binaturalproducts.com\\\/termek\\\/luffa-szivacs\\\/#primaryimage\"},\"thumbnailUrl\":\"https:\\\/\\\/binaturalproducts.com\\\/wp-content\\\/uploads\\\/2021\\\/08\\\/luffa_schwamm_kaufen_loofah_sponge_4.jpg\",\"datePublished\":\"2021-08-17T11:55:45+00:00\",\"dateModified\":\"2025-04-15T20:25:31+00:00\",\"description\":\"A luffa t\u00f6k term\u00e9s\u00e9b\u0151l k\u00e9sz\u00fclt szivacs kiv\u00e1l\u00f3 b\u0151r\u00e1pol\u00e1shoz \u00e9s mosogat\u00e1shoz is egyar\u00e1nt.\",\"breadcrumb\":{\"@id\":\"https:\\\/\\\/binaturalproducts.com\\\/termek\\\/luffa-szivacs\\\/#breadcrumb\"},\"inLanguage\":\"ro-RO\",\"potentialAction\":[{\"@type\":\"ReadAction\",\"target\":[\"https:\\\/\\\/binaturalproducts.com\\\/termek\\\/luffa-szivacs\\\/\"]}]},{\"@type\":\"ImageObject\",\"inLanguage\":\"ro-RO\",\"@id\":\"https:\\\/\\\/binaturalproducts.com\\\/termek\\\/luffa-szivacs\\\/#primaryimage\",\"url\":\"https:\\\/\\\/binaturalproducts.com\\\/wp-content\\\/uploads\\\/2021\\\/08\\\/luffa_schwamm_kaufen_loofah_sponge_4.jpg\",\"contentUrl\":\"https:\\\/\\\/binaturalproducts.com\\\/wp-content\\\/uploads\\\/2021\\\/08\\\/luffa_schwamm_kaufen_loofah_sponge_4.jpg\",\"width\":900,\"height\":675,\"caption\":\"Binatural Products - Luffa szivacs\"},{\"@type\":\"BreadcrumbList\",\"@id\":\"https:\\\/\\\/binaturalproducts.com\\\/termek\\\/luffa-szivacs\\\/#breadcrumb\",\"itemListElement\":[{\"@type\":\"ListItem\",\"position\":1,\"name\":\"Kezd\u0151lap\",\"item\":\"https:\\\/\\\/binaturalproducts.com\\\/\"},{\"@type\":\"ListItem\",\"position\":2,\"name\":\"\u00dczlet\",\"item\":\"https:\\\/\\\/binaturalproducts.com\\\/uzlet\\\/\"},{\"@type\":\"ListItem\",\"position\":3,\"name\":\"Luffa szivacs\"}]},{\"@type\":\"WebSite\",\"@id\":\"https:\\\/\\\/binaturalproducts.com\\\/#website\",\"url\":\"https:\\\/\\\/binaturalproducts.com\\\/\",\"name\":\"Binaturalproducts\",\"description\":\"Nat\u00far term\u00e9kek Erd\u00e9ly sz\u00edv\u00e9b\u0151l\",\"potentialAction\":[{\"@type\":\"SearchAction\",\"target\":{\"@type\":\"EntryPoint\",\"urlTemplate\":\"https:\\\/\\\/binaturalproducts.com\\\/?s={search_term_string}\"},\"query-input\":{\"@type\":\"PropertyValueSpecification\",\"valueRequired\":true,\"valueName\":\"search_term_string\"}}],\"inLanguage\":\"ro-RO\"}]}<\/script>\n<!-- \/ Yoast SEO plugin. -->","yoast_head_json":{"title":"Burete natural exfoliant lufa - Binaturalproducts","description":"Burete natural, confectionat din lufa este excelent pentru baie, sau pentru sp\u0103larea vaselor.","robots":{"index":"index","follow":"follow","max-snippet":"max-snippet:-1","max-image-preview":"max-image-preview:large","max-video-preview":"max-video-preview:-1"},"canonical":"https:\/\/binaturalproducts.com\/ro\/produs\/burete-natural-exfoliant-lufa\/","og_locale":"ro_RO","og_type":"article","og_title":"Luffa szivacs - Binaturalproducts","og_description":"A luffa t\u00f6k term\u00e9s\u00e9b\u0151l k\u00e9sz\u00fclt szivacs kiv\u00e1l\u00f3 b\u0151r\u00e1pol\u00e1shoz \u00e9s mosogat\u00e1shoz is egyar\u00e1nt.","og_url":"https:\/\/binaturalproducts.com\/ro\/produs\/burete-natural-exfoliant-lufa\/","og_site_name":"Binaturalproducts","article_modified_time":"2025-04-15T20:25:31+00:00","og_image":[{"width":900,"height":675,"url":"https:\/\/binaturalproducts.com\/wp-content\/uploads\/2021\/08\/luffa_schwamm_kaufen_loofah_sponge_4.jpg","type":"image\/jpeg"}],"twitter_card":"summary_large_image","twitter_misc":{"Timp estimat pentru citire":"1 minut"},"schema":{"@context":"https:\/\/schema.org","@graph":[{"@type":"WebPage","@id":"https:\/\/binaturalproducts.com\/termek\/luffa-szivacs\/","url":"https:\/\/binaturalproducts.com\/termek\/luffa-szivacs\/","name":"Burete natural exfoliant lufa - Binaturalproducts","isPartOf":{"@id":"https:\/\/binaturalproducts.com\/#website"},"primaryImageOfPage":{"@id":"https:\/\/binaturalproducts.com\/termek\/luffa-szivacs\/#primaryimage"},"image":{"@id":"https:\/\/binaturalproducts.com\/termek\/luffa-szivacs\/#primaryimage"},"thumbnailUrl":"https:\/\/binaturalproducts.com\/wp-content\/uploads\/2021\/08\/luffa_schwamm_kaufen_loofah_sponge_4.jpg","datePublished":"2021-08-17T11:55:45+00:00","dateModified":"2025-04-15T20:25:31+00:00","description":"Burete natural, confectionat din lufa este excelent pentru baie, sau pentru sp\u0103larea vaselor.","breadcrumb":{"@id":"https:\/\/binaturalproducts.com\/termek\/luffa-szivacs\/#breadcrumb"},"inLanguage":"ro-RO","potentialAction":[{"@type":"ReadAction","target":["https:\/\/binaturalproducts.com\/termek\/luffa-szivacs\/"]}]},{"@type":"ImageObject","inLanguage":"ro-RO","@id":"https:\/\/binaturalproducts.com\/termek\/luffa-szivacs\/#primaryimage","url":"https:\/\/binaturalproducts.com\/wp-content\/uploads\/2021\/08\/luffa_schwamm_kaufen_loofah_sponge_4.jpg","contentUrl":"https:\/\/binaturalproducts.com\/wp-content\/uploads\/2021\/08\/luffa_schwamm_kaufen_loofah_sponge_4.jpg","width":900,"height":675,"caption":"Binatural Products - Luffa szivacs"},{"@type":"BreadcrumbList","@id":"https:\/\/binaturalproducts.com\/termek\/luffa-szivacs\/#breadcrumb","itemListElement":[{"@type":"ListItem","position":1,"name":"Kezd\u0151lap","item":"https:\/\/binaturalproducts.com\/"},{"@type":"ListItem","position":2,"name":"\u00dczlet","item":"https:\/\/binaturalproducts.com\/uzlet\/"},{"@type":"ListItem","position":3,"name":"Luffa szivacs"}]},{"@type":"WebSite","@id":"https:\/\/binaturalproducts.com\/#website","url":"https:\/\/binaturalproducts.com\/","name":"Binaturalproducts","description":"PRODUSE NATURALE DIN INIMA TRANSILVANIEI","potentialAction":[{"@type":"SearchAction","target":{"@type":"EntryPoint","urlTemplate":"https:\/\/binaturalproducts.com\/?s={search_term_string}"},"query-input":{"@type":"PropertyValueSpecification","valueRequired":true,"valueName":"search_term_string"}}],"inLanguage":"ro-RO"}]}},"_links":{"self":[{"href":"https:\/\/binaturalproducts.com\/ro\/wp-json\/wp\/v2\/product\/332","targetHints":{"allow":["GET"]}}],"collection":[{"href":"https:\/\/binaturalproducts.com\/ro\/wp-json\/wp\/v2\/product"}],"about":[{"href":"https:\/\/binaturalproducts.com\/ro\/wp-json\/wp\/v2\/types\/product"}],"replies":[{"embeddable":true,"href":"https:\/\/binaturalproducts.com\/ro\/wp-json\/wp\/v2\/comments?post=332"}],"wp:featuredmedia":[{"embeddable":true,"href":"https:\/\/binaturalproducts.com\/ro\/wp-json\/wp\/v2\/media\/333"}],"wp:attachment":[{"href":"https:\/\/binaturalproducts.com\/ro\/wp-json\/wp\/v2\/media?parent=332"}],"wp:term":[{"taxonomy":"product_brand","embeddable":true,"href":"https:\/\/binaturalproducts.com\/ro\/wp-json\/wp\/v2\/product_brand?post=332"},{"taxonomy":"product_cat","embeddable":true,"href":"https:\/\/binaturalproducts.com\/ro\/wp-json\/wp\/v2\/product_cat?post=332"},{"taxonomy":"product_tag","embeddable":true,"href":"https:\/\/binaturalproducts.com\/ro\/wp-json\/wp\/v2\/product_tag?post=332"}],"curies":[{"name":"wp","href":"https:\/\/api.w.org\/{rel}","templated":true}]}}