{"id":268,"date":"2021-08-15T12:39:34","date_gmt":"2021-08-15T10:39:34","guid":{"rendered":"https:\/\/binaturalproducts.com\/?post_type=product&#038;p=268"},"modified":"2025-11-20T17:45:51","modified_gmt":"2025-11-20T15:45:51","slug":"deodorant-natural-cu-citrice","status":"publish","type":"product","link":"https:\/\/binaturalproducts.com\/ro\/produs\/deodorant-natural-cu-citrice\/","title":{"rendered":"Deodorant natural cu citrice"},"content":{"rendered":"<div class=\"kvgmc6g5 cxmmr5t8 oygrvhab hcukyx3x c1et5uql ii04i59q\">\n<div dir=\"auto\">\n<p>Preparat din produse naturale, nu con\u021bine particule de aluminiu, coloran\u021bi artificiali \u0219i nu blocheaz\u0103 porii. <strong>\u00a0Este un deodorant crem\u0103 cu miroase de citrice.<\/strong><\/p>\n<p>Are un efect benefic asupra pielii, \u0219i datorit\u0103 uleiurilor esen\u021biale 100% pure contribuie la \u00eent\u0103rirea sistemului imunitar.<\/p>\n<p>Datorit\u0103 parfumului s\u0103u unisex, este potrivit at\u00e2t pentru b\u0103rba\u021bi, c\u00e2t \u0219i pentru femei.<\/p>\n<p><img loading=\"lazy\" decoding=\"async\" class=\"alignnone size-medium wp-image-270\" src=\"https:\/\/binaturalproducts.com\/wp-content\/uploads\/2021\/08\/Nevtelen-terv-6-1-300x213.png\" alt=\"\" width=\"300\" height=\"213\" srcset=\"https:\/\/binaturalproducts.com\/wp-content\/uploads\/2021\/08\/Nevtelen-terv-6-1-300x213.png 300w, https:\/\/binaturalproducts.com\/wp-content\/uploads\/2021\/08\/Nevtelen-terv-6-1-1024x726.png 1024w, https:\/\/binaturalproducts.com\/wp-content\/uploads\/2021\/08\/Nevtelen-terv-6-1-768x545.png 768w, https:\/\/binaturalproducts.com\/wp-content\/uploads\/2021\/08\/Nevtelen-terv-6-1-1536x1090.png 1536w, https:\/\/binaturalproducts.com\/wp-content\/uploads\/2021\/08\/Nevtelen-terv-6-1-600x426.png 600w, https:\/\/binaturalproducts.com\/wp-content\/uploads\/2021\/08\/Nevtelen-terv-6-1.png 1748w\" sizes=\"auto, (max-width: 300px) 100vw, 300px\" \/><\/p>\n<p><strong><em>Ingrediente principale: <\/em><\/strong>ulei de cocos, ap\u0103 de hamamelis, glicerin\u0103, panthenol, uleiuri esen\u021biale.<\/p>\n<p>Nu previne transpira\u021bia, ci dezodorizeaz\u0103 (previne reproducerea bacteriilor care provoac\u0103 mirosuri nepl\u0103cute) \u0219i tocmai acesta este obiectivul principal, deoarece astfel toxinele nu se pot acumula \u00een organismul nostru.<\/p>\n<p><img loading=\"lazy\" decoding=\"async\" class=\"alignnone size-medium wp-image-264\" src=\"https:\/\/binaturalproducts.com\/wp-content\/uploads\/2021\/08\/Nevtelen-terv-5-1-300x213.png\" alt=\"\" width=\"300\" height=\"213\" srcset=\"https:\/\/binaturalproducts.com\/wp-content\/uploads\/2021\/08\/Nevtelen-terv-5-1-300x213.png 300w, https:\/\/binaturalproducts.com\/wp-content\/uploads\/2021\/08\/Nevtelen-terv-5-1-1024x726.png 1024w, https:\/\/binaturalproducts.com\/wp-content\/uploads\/2021\/08\/Nevtelen-terv-5-1-768x545.png 768w, https:\/\/binaturalproducts.com\/wp-content\/uploads\/2021\/08\/Nevtelen-terv-5-1-1536x1090.png 1536w, https:\/\/binaturalproducts.com\/wp-content\/uploads\/2021\/08\/Nevtelen-terv-5-1-600x426.png 600w, https:\/\/binaturalproducts.com\/wp-content\/uploads\/2021\/08\/Nevtelen-terv-5-1.png 1748w\" sizes=\"auto, (max-width: 300px) 100vw, 300px\" \/><\/p>\n<p>Scopul deodoriz\u0103rii este ini\u021bial neutralizarea mirosurilor. \u00cen prezent, \u00eens\u0103, ni se ofer\u0103 \"antiperspirante\" pline de aditivi chimici. Este important c\u0103 pielea noastr\u0103 s\u0103 intre \u00een contact cu c\u00e2t mai pu\u021bine substan\u021be chimice, deoarece aceste substan\u021be se absorb prin piele.<\/p>\n<p><em><strong>Utilizarea<\/strong><\/em>: \u00cenainte de utilizare agita\u021bi energetic cu capacul \u00eenchis, aplica\u021bi un strat sub\u021bire pe pielea curat\u0103 \u0219i uscat\u0103, dup\u0103 care a\u0219tepta\u021bi p\u00e2n\u0103 c\u00e2nd se usuc\u0103 in pic.<\/p>\n<p>A nu se utiliza timp de 24 de ore dup\u0103 epilare, nici pe pielea r\u0103nit\u0103 sau iritat\u0103.<\/p>\n<p>\u00cen cazul \u00een care nu este agitat \u00eenainte de folosire, poate provoca ro\u0219ea\u021b\u0103 pe pielea sensibil\u0103.<\/p>\n<p>Dac\u0103 folose\u0219ti pentru prima dat\u0103 un deodorant f\u0103cut din ingrediente naturale, este posibil s\u0103 ai nevoie de c\u00e2teva s\u0103pt\u0103m\u00e2ni pentru a l\u0103sa corpul t\u0103u s\u0103 se obi\u0219nuiasc\u0103 cu el.<\/p>\n<p><em><strong>Depozitare<\/strong><\/em>: A se p\u0103stra la loc uscat \u0219i r\u0103coros.<\/p>\n<p><em><strong>Cantitate<\/strong><\/em>: 50 ml<\/p>\n<\/div>\n<\/div>","protected":false},"excerpt":{"rendered":"<p>Deodorant crem\u0103 f\u0103r\u0103 aluminiu, cu parfum de citrice, care con\u021bine ingrediente naturale. Are un efect benefic asupra pielii, contribuie la \u00eent\u0103rirea sistemului imunitar datorit\u0103 uleiurilor esen\u021biale 100% pure<\/p>","protected":false},"featured_media":269,"comment_status":"open","ping_status":"closed","template":"","meta":[],"product_brand":[],"product_cat":[45,27],"product_tag":[],"class_list":{"0":"post-268","1":"product","2":"type-product","3":"status-publish","4":"has-post-thumbnail","6":"product_cat-osszes","7":"product_cat-higienia","9":"first","10":"instock","11":"shipping-taxable","12":"purchasable","13":"product-type-simple"},"yoast_head":"<!-- This site is optimized with the Yoast SEO plugin v27.4 - https:\/\/yoast.com\/product\/yoast-seo-wordpress\/ -->\n<title>Nat\u00far citrusos kr\u00e9mdezodor - Binaturalproducts<\/title>\n<meta name=\"description\" content=\"Term\u00e9szetes alapanyagokat tartalmaz\u00f3, alum\u00ednium mentes.\u00a0Citrusos illatvil\u00e1g\u00fa kr\u00e9mdezodor. J\u00f3t\u00e9konyan hat a b\u0151rre, hozz\u00e1j\u00e1rul az immunrendszer er\u0151s\u00edt\u00e9s\u00e9hez.\" \/>\n<meta name=\"robots\" content=\"index, follow, max-snippet:-1, max-image-preview:large, max-video-preview:-1\" \/>\n<link rel=\"canonical\" href=\"https:\/\/binaturalproducts.com\/ro\/produs\/deodorant-natural-cu-citrice\/\" \/>\n<meta property=\"og:locale\" content=\"ro_RO\" \/>\n<meta property=\"og:type\" content=\"article\" \/>\n<meta property=\"og:title\" content=\"Nat\u00far citrusos kr\u00e9mdezodor - Binaturalproducts\" \/>\n<meta property=\"og:description\" content=\"Term\u00e9szetes alapanyagokat tartalmaz\u00f3, alum\u00ednium mentes.\u00a0Citrusos illatvil\u00e1g\u00fa kr\u00e9mdezodor. J\u00f3t\u00e9konyan hat a b\u0151rre, hozz\u00e1j\u00e1rul az immunrendszer er\u0151s\u00edt\u00e9s\u00e9hez.\" \/>\n<meta property=\"og:url\" content=\"https:\/\/binaturalproducts.com\/ro\/produs\/deodorant-natural-cu-citrice\/\" \/>\n<meta property=\"og:site_name\" content=\"Binaturalproducts\" \/>\n<meta property=\"article:modified_time\" content=\"2025-11-20T15:45:51+00:00\" \/>\n<meta property=\"og:image\" content=\"https:\/\/binaturalproducts.com\/wp-content\/uploads\/2021\/08\/222204744_331974888628538_8544527851696150974_n.jpg\" \/>\n\t<meta property=\"og:image:width\" content=\"1511\" \/>\n\t<meta property=\"og:image:height\" content=\"2015\" \/>\n\t<meta property=\"og:image:type\" content=\"image\/jpeg\" \/>\n<meta name=\"twitter:card\" content=\"summary_large_image\" \/>\n<meta name=\"twitter:label1\" content=\"Timp estimat pentru citire\" \/>\n\t<meta name=\"twitter:data1\" content=\"2 minute\" \/>\n<script type=\"application\/ld+json\" class=\"yoast-schema-graph\">{\"@context\":\"https:\\\/\\\/schema.org\",\"@graph\":[{\"@type\":\"WebPage\",\"@id\":\"https:\\\/\\\/binaturalproducts.com\\\/termek\\\/natur-citrusos-kremdezodor\\\/\",\"url\":\"https:\\\/\\\/binaturalproducts.com\\\/termek\\\/natur-citrusos-kremdezodor\\\/\",\"name\":\"Nat\u00far citrusos kr\u00e9mdezodor - Binaturalproducts\",\"isPartOf\":{\"@id\":\"https:\\\/\\\/binaturalproducts.com\\\/#website\"},\"primaryImageOfPage\":{\"@id\":\"https:\\\/\\\/binaturalproducts.com\\\/termek\\\/natur-citrusos-kremdezodor\\\/#primaryimage\"},\"image\":{\"@id\":\"https:\\\/\\\/binaturalproducts.com\\\/termek\\\/natur-citrusos-kremdezodor\\\/#primaryimage\"},\"thumbnailUrl\":\"https:\\\/\\\/binaturalproducts.com\\\/wp-content\\\/uploads\\\/2021\\\/08\\\/222204744_331974888628538_8544527851696150974_n.jpg\",\"datePublished\":\"2021-08-15T10:39:34+00:00\",\"dateModified\":\"2025-11-20T15:45:51+00:00\",\"description\":\"Term\u00e9szetes alapanyagokat tartalmaz\u00f3, alum\u00ednium mentes.\u00a0Citrusos illatvil\u00e1g\u00fa kr\u00e9mdezodor. J\u00f3t\u00e9konyan hat a b\u0151rre, hozz\u00e1j\u00e1rul az immunrendszer er\u0151s\u00edt\u00e9s\u00e9hez.\",\"breadcrumb\":{\"@id\":\"https:\\\/\\\/binaturalproducts.com\\\/termek\\\/natur-citrusos-kremdezodor\\\/#breadcrumb\"},\"inLanguage\":\"ro-RO\",\"potentialAction\":[{\"@type\":\"ReadAction\",\"target\":[\"https:\\\/\\\/binaturalproducts.com\\\/termek\\\/natur-citrusos-kremdezodor\\\/\"]}]},{\"@type\":\"ImageObject\",\"inLanguage\":\"ro-RO\",\"@id\":\"https:\\\/\\\/binaturalproducts.com\\\/termek\\\/natur-citrusos-kremdezodor\\\/#primaryimage\",\"url\":\"https:\\\/\\\/binaturalproducts.com\\\/wp-content\\\/uploads\\\/2021\\\/08\\\/222204744_331974888628538_8544527851696150974_n.jpg\",\"contentUrl\":\"https:\\\/\\\/binaturalproducts.com\\\/wp-content\\\/uploads\\\/2021\\\/08\\\/222204744_331974888628538_8544527851696150974_n.jpg\",\"width\":1511,\"height\":2015,\"caption\":\"Binatural Products - Nat\u00far citrusos kr\u00e9mdezodor\"},{\"@type\":\"BreadcrumbList\",\"@id\":\"https:\\\/\\\/binaturalproducts.com\\\/termek\\\/natur-citrusos-kremdezodor\\\/#breadcrumb\",\"itemListElement\":[{\"@type\":\"ListItem\",\"position\":1,\"name\":\"Kezd\u0151lap\",\"item\":\"https:\\\/\\\/binaturalproducts.com\\\/\"},{\"@type\":\"ListItem\",\"position\":2,\"name\":\"\u00dczlet\",\"item\":\"https:\\\/\\\/binaturalproducts.com\\\/uzlet\\\/\"},{\"@type\":\"ListItem\",\"position\":3,\"name\":\"Nat\u00far citrusos kr\u00e9mdezodor\"}]},{\"@type\":\"WebSite\",\"@id\":\"https:\\\/\\\/binaturalproducts.com\\\/#website\",\"url\":\"https:\\\/\\\/binaturalproducts.com\\\/\",\"name\":\"Binaturalproducts\",\"description\":\"Nat\u00far term\u00e9kek Erd\u00e9ly sz\u00edv\u00e9b\u0151l\",\"potentialAction\":[{\"@type\":\"SearchAction\",\"target\":{\"@type\":\"EntryPoint\",\"urlTemplate\":\"https:\\\/\\\/binaturalproducts.com\\\/?s={search_term_string}\"},\"query-input\":{\"@type\":\"PropertyValueSpecification\",\"valueRequired\":true,\"valueName\":\"search_term_string\"}}],\"inLanguage\":\"ro-RO\"}]}<\/script>\n<!-- \/ Yoast SEO plugin. -->","yoast_head_json":{"title":"Deodorant natural cu citrice - Binaturalproducts","description":"Deodorant crem\u0103 f\u0103r\u0103 aluminiu, cu parfum de citrice, care con\u021bine ingrediente naturale. Are un efect benefic asupra pielii, contribuie la \u00eent\u0103rirea sistemului imunitar.","robots":{"index":"index","follow":"follow","max-snippet":"max-snippet:-1","max-image-preview":"max-image-preview:large","max-video-preview":"max-video-preview:-1"},"canonical":"https:\/\/binaturalproducts.com\/ro\/produs\/deodorant-natural-cu-citrice\/","og_locale":"ro_RO","og_type":"article","og_title":"Nat\u00far citrusos kr\u00e9mdezodor - Binaturalproducts","og_description":"Term\u00e9szetes alapanyagokat tartalmaz\u00f3, alum\u00ednium mentes.\u00a0Citrusos illatvil\u00e1g\u00fa kr\u00e9mdezodor. J\u00f3t\u00e9konyan hat a b\u0151rre, hozz\u00e1j\u00e1rul az immunrendszer er\u0151s\u00edt\u00e9s\u00e9hez.","og_url":"https:\/\/binaturalproducts.com\/ro\/produs\/deodorant-natural-cu-citrice\/","og_site_name":"Binaturalproducts","article_modified_time":"2025-11-20T15:45:51+00:00","og_image":[{"width":1511,"height":2015,"url":"https:\/\/binaturalproducts.com\/wp-content\/uploads\/2021\/08\/222204744_331974888628538_8544527851696150974_n.jpg","type":"image\/jpeg"}],"twitter_card":"summary_large_image","twitter_misc":{"Timp estimat pentru citire":"2 minute"},"schema":{"@context":"https:\/\/schema.org","@graph":[{"@type":"WebPage","@id":"https:\/\/binaturalproducts.com\/termek\/natur-citrusos-kremdezodor\/","url":"https:\/\/binaturalproducts.com\/termek\/natur-citrusos-kremdezodor\/","name":"Deodorant natural cu citrice - Binaturalproducts","isPartOf":{"@id":"https:\/\/binaturalproducts.com\/#website"},"primaryImageOfPage":{"@id":"https:\/\/binaturalproducts.com\/termek\/natur-citrusos-kremdezodor\/#primaryimage"},"image":{"@id":"https:\/\/binaturalproducts.com\/termek\/natur-citrusos-kremdezodor\/#primaryimage"},"thumbnailUrl":"https:\/\/binaturalproducts.com\/wp-content\/uploads\/2021\/08\/222204744_331974888628538_8544527851696150974_n.jpg","datePublished":"2021-08-15T10:39:34+00:00","dateModified":"2025-11-20T15:45:51+00:00","description":"Deodorant crem\u0103 f\u0103r\u0103 aluminiu, cu parfum de citrice, care con\u021bine ingrediente naturale. Are un efect benefic asupra pielii, contribuie la \u00eent\u0103rirea sistemului imunitar.","breadcrumb":{"@id":"https:\/\/binaturalproducts.com\/termek\/natur-citrusos-kremdezodor\/#breadcrumb"},"inLanguage":"ro-RO","potentialAction":[{"@type":"ReadAction","target":["https:\/\/binaturalproducts.com\/termek\/natur-citrusos-kremdezodor\/"]}]},{"@type":"ImageObject","inLanguage":"ro-RO","@id":"https:\/\/binaturalproducts.com\/termek\/natur-citrusos-kremdezodor\/#primaryimage","url":"https:\/\/binaturalproducts.com\/wp-content\/uploads\/2021\/08\/222204744_331974888628538_8544527851696150974_n.jpg","contentUrl":"https:\/\/binaturalproducts.com\/wp-content\/uploads\/2021\/08\/222204744_331974888628538_8544527851696150974_n.jpg","width":1511,"height":2015,"caption":"Binatural Products - Nat\u00far citrusos kr\u00e9mdezodor"},{"@type":"BreadcrumbList","@id":"https:\/\/binaturalproducts.com\/termek\/natur-citrusos-kremdezodor\/#breadcrumb","itemListElement":[{"@type":"ListItem","position":1,"name":"Kezd\u0151lap","item":"https:\/\/binaturalproducts.com\/"},{"@type":"ListItem","position":2,"name":"\u00dczlet","item":"https:\/\/binaturalproducts.com\/uzlet\/"},{"@type":"ListItem","position":3,"name":"Nat\u00far citrusos kr\u00e9mdezodor"}]},{"@type":"WebSite","@id":"https:\/\/binaturalproducts.com\/#website","url":"https:\/\/binaturalproducts.com\/","name":"Binaturalproducts","description":"PRODUSE NATURALE DIN INIMA TRANSILVANIEI","potentialAction":[{"@type":"SearchAction","target":{"@type":"EntryPoint","urlTemplate":"https:\/\/binaturalproducts.com\/?s={search_term_string}"},"query-input":{"@type":"PropertyValueSpecification","valueRequired":true,"valueName":"search_term_string"}}],"inLanguage":"ro-RO"}]}},"_links":{"self":[{"href":"https:\/\/binaturalproducts.com\/ro\/wp-json\/wp\/v2\/product\/268","targetHints":{"allow":["GET"]}}],"collection":[{"href":"https:\/\/binaturalproducts.com\/ro\/wp-json\/wp\/v2\/product"}],"about":[{"href":"https:\/\/binaturalproducts.com\/ro\/wp-json\/wp\/v2\/types\/product"}],"replies":[{"embeddable":true,"href":"https:\/\/binaturalproducts.com\/ro\/wp-json\/wp\/v2\/comments?post=268"}],"wp:featuredmedia":[{"embeddable":true,"href":"https:\/\/binaturalproducts.com\/ro\/wp-json\/wp\/v2\/media\/269"}],"wp:attachment":[{"href":"https:\/\/binaturalproducts.com\/ro\/wp-json\/wp\/v2\/media?parent=268"}],"wp:term":[{"taxonomy":"product_brand","embeddable":true,"href":"https:\/\/binaturalproducts.com\/ro\/wp-json\/wp\/v2\/product_brand?post=268"},{"taxonomy":"product_cat","embeddable":true,"href":"https:\/\/binaturalproducts.com\/ro\/wp-json\/wp\/v2\/product_cat?post=268"},{"taxonomy":"product_tag","embeddable":true,"href":"https:\/\/binaturalproducts.com\/ro\/wp-json\/wp\/v2\/product_tag?post=268"}],"curies":[{"name":"wp","href":"https:\/\/api.w.org\/{rel}","templated":true}]}}