{"id":168,"date":"2021-08-14T13:47:10","date_gmt":"2021-08-14T11:47:10","guid":{"rendered":"https:\/\/binaturalproducts.com\/?post_type=product&#038;p=168"},"modified":"2025-09-02T10:39:55","modified_gmt":"2025-09-02T08:39:55","slug":"sampon-natural-solid-cu-urzica","status":"publish","type":"product","link":"https:\/\/binaturalproducts.com\/ro\/produs\/sampon-natural-solid-cu-urzica\/","title":{"rendered":"\u0218ampon natural solid cu urzic\u0103"},"content":{"rendered":"<div class=\"elementor-element elementor-element-7b37cb3 elementor-widget elementor-widget-woocommerce-product-short-description\" data-id=\"7b37cb3\" data-element_type=\"widget\" data-widget_type=\"woocommerce-product-short-description.default\">\n<div class=\"elementor-widget-container\">\n<div class=\"woocommerce-product-details__short-description\">\n<div class=\"kvgmc6g5 cxmmr5t8 oygrvhab hcukyx3x c1et5uql ii04i59q\">\n<div dir=\"auto\">\n<p><strong>\u0218ampon natural solid pentru p\u0103r gras, scalp sensibil,  si pentru scalp cu m\u0103trea\u021ba<\/strong><\/p>\n<p>&nbsp;<\/p>\n<\/div>\n<\/div>\n<div dir=\"auto\"><img loading=\"lazy\" decoding=\"async\" class=\"alignnone wp-image-475\" src=\"https:\/\/binaturalproducts.com\/wp-content\/uploads\/2021\/11\/Nevtelen-terv-4-2-300x169.png\" alt=\"\" width=\"314\" height=\"177\" srcset=\"https:\/\/binaturalproducts.com\/wp-content\/uploads\/2021\/11\/Nevtelen-terv-4-2-300x169.png 300w, https:\/\/binaturalproducts.com\/wp-content\/uploads\/2021\/11\/Nevtelen-terv-4-2-1024x577.png 1024w, https:\/\/binaturalproducts.com\/wp-content\/uploads\/2021\/11\/Nevtelen-terv-4-2-768x433.png 768w, https:\/\/binaturalproducts.com\/wp-content\/uploads\/2021\/11\/Nevtelen-terv-4-2-1536x865.png 1536w, https:\/\/binaturalproducts.com\/wp-content\/uploads\/2021\/11\/Nevtelen-terv-4-2-18x10.png 18w, https:\/\/binaturalproducts.com\/wp-content\/uploads\/2021\/11\/Nevtelen-terv-4-2-600x338.png 600w, https:\/\/binaturalproducts.com\/wp-content\/uploads\/2021\/11\/Nevtelen-terv-4-2.png 1640w\" sizes=\"auto, (max-width: 314px) 100vw, 314px\" \/><\/div>\n<\/div>\n<\/div>\n<\/div>\n<div dir=\"auto\"><\/div>\n<div class=\"elementor-element elementor-element-7b37cb3 elementor-widget elementor-widget-woocommerce-product-short-description\" data-id=\"7b37cb3\" data-element_type=\"widget\" data-widget_type=\"woocommerce-product-short-description.default\">\n<div class=\"elementor-widget-container\">\n<div class=\"woocommerce-product-details__short-description\">\n<div class=\"o9v6fnle cxmmr5t8 oygrvhab hcukyx3x c1et5uql ii04i59q\">\n<div dir=\"auto\"><span class=\"pq6dq46d tbxw36s4 knj5qynh kvgmc6g5 ditlmg2l oygrvhab nvdbi5me sf5mxxl7 gl3lb2sf hhz5lgdu\"><img loading=\"lazy\" decoding=\"async\" src=\"https:\/\/static.xx.fbcdn.net\/images\/emoji.php\/v9\/t51\/1\/16\/2714.png\" alt=\"\u2714\ufe0f\" width=\"16\" height=\"16\" \/> <\/span>\u0218ampon solid bun spumant cu uleiuri esentiale de rozmarin, salvie \u0219i arbore de ceai.<span class=\"pq6dq46d tbxw36s4 knj5qynh kvgmc6g5 ditlmg2l oygrvhab nvdbi5me sf5mxxl7 gl3lb2sf hhz5lgdu\"><img loading=\"lazy\" decoding=\"async\" src=\"https:\/\/static.xx.fbcdn.net\/images\/emoji.php\/v9\/t1e\/1\/16\/1f33f.png\" alt=\"\ud83c\udf3f\" width=\"16\" height=\"16\" \/><\/span> .<br \/>\n<span class=\"pq6dq46d tbxw36s4 knj5qynh kvgmc6g5 ditlmg2l oygrvhab nvdbi5me sf5mxxl7 gl3lb2sf hhz5lgdu\"><img loading=\"lazy\" decoding=\"async\" src=\"https:\/\/static.xx.fbcdn.net\/images\/emoji.php\/v9\/t51\/1\/16\/2714.png\" alt=\"\u2714\ufe0f\" width=\"16\" height=\"16\" \/> <\/span>Cur\u0103\u021b\u0103 bine f\u0103r\u0103 a usca scalpul \u0219i are un efect de condi\u021bionare datorit\u0103 keratinei (proteine de gr\u00e2u hidrolizate).<\/div>\n<div dir=\"auto\">\n<p><img loading=\"lazy\" decoding=\"async\" class=\"alignnone size-medium wp-image-272\" src=\"https:\/\/binaturalproducts.com\/wp-content\/uploads\/2021\/08\/Nevtelen-terv-9-300x213.png\" alt=\"\" width=\"300\" height=\"213\" srcset=\"https:\/\/binaturalproducts.com\/wp-content\/uploads\/2021\/08\/Nevtelen-terv-9-300x213.png 300w, https:\/\/binaturalproducts.com\/wp-content\/uploads\/2021\/08\/Nevtelen-terv-9-1024x726.png 1024w, https:\/\/binaturalproducts.com\/wp-content\/uploads\/2021\/08\/Nevtelen-terv-9-768x545.png 768w, https:\/\/binaturalproducts.com\/wp-content\/uploads\/2021\/08\/Nevtelen-terv-9-1536x1090.png 1536w, https:\/\/binaturalproducts.com\/wp-content\/uploads\/2021\/08\/Nevtelen-terv-9-600x426.png 600w, https:\/\/binaturalproducts.com\/wp-content\/uploads\/2021\/08\/Nevtelen-terv-9.png 1748w\" sizes=\"auto, (max-width: 300px) 100vw, 300px\" \/><\/p>\n<\/div>\n<div dir=\"auto\"><span class=\"pq6dq46d tbxw36s4 knj5qynh kvgmc6g5 ditlmg2l oygrvhab nvdbi5me sf5mxxl7 gl3lb2sf hhz5lgdu\"><img loading=\"lazy\" decoding=\"async\" src=\"https:\/\/static.xx.fbcdn.net\/images\/emoji.php\/v9\/t51\/1\/16\/2714.png\" alt=\"\u2714\ufe0f\" width=\"16\" height=\"16\" \/><\/span>\u00a0Este potrivit \u00een special pentru p\u0103rul gras sau predispus la m\u0103trea\u021b\u0103 \u0219i scalpul cu probleme, dar este potrivit \u0219i pentru toate tipurile de p\u0103r, deoarece con\u021bine \u0219i ulei de avocado. Uleiul de avocado hrane\u0219te si infrumuse\u021beaz\u0103 perfect p\u0103rul, oferindu-i str\u0103lucire.<\/div>\n<div dir=\"auto\"><\/div>\n<div dir=\"auto\">\n<p><span class=\"pq6dq46d tbxw36s4 knj5qynh kvgmc6g5 ditlmg2l oygrvhab nvdbi5me sf5mxxl7 gl3lb2sf hhz5lgdu\"><img loading=\"lazy\" decoding=\"async\" src=\"https:\/\/static.xx.fbcdn.net\/images\/emoji.php\/v9\/t69\/1\/16\/1f331.png\" alt=\"\ud83c\udf31\" width=\"16\" height=\"16\" \/> Pulberea de urzic\u0103 organic\u0103 fin m\u0103cinat\u0103, uleiurile esen\u021biale de rozmarin \u0219i arbore de ceai, sunt benefice pentru scalp \u0219i p\u0103r. Ajut\u0103 \u00een caz de m\u0103trea\u021b\u0103, m\u00e2nc\u0103rimi, inflama\u021bii ale pielii, c\u0103derea p\u0103rului, \u00eengr\u0103\u0219area p\u0103rului, infec\u021bii fungice ale scalpului.<\/span>.<\/p>\n<\/div>\n<div dir=\"auto\">\n<p><img loading=\"lazy\" decoding=\"async\" class=\"alignnone size-medium wp-image-273\" src=\"https:\/\/binaturalproducts.com\/wp-content\/uploads\/2021\/08\/Nevtelen-terv-8-1-300x213.png\" alt=\"\" width=\"300\" height=\"213\" srcset=\"https:\/\/binaturalproducts.com\/wp-content\/uploads\/2021\/08\/Nevtelen-terv-8-1-300x213.png 300w, https:\/\/binaturalproducts.com\/wp-content\/uploads\/2021\/08\/Nevtelen-terv-8-1-1024x726.png 1024w, https:\/\/binaturalproducts.com\/wp-content\/uploads\/2021\/08\/Nevtelen-terv-8-1-768x545.png 768w, https:\/\/binaturalproducts.com\/wp-content\/uploads\/2021\/08\/Nevtelen-terv-8-1-1536x1090.png 1536w, https:\/\/binaturalproducts.com\/wp-content\/uploads\/2021\/08\/Nevtelen-terv-8-1-600x426.png 600w, https:\/\/binaturalproducts.com\/wp-content\/uploads\/2021\/08\/Nevtelen-terv-8-1.png 1748w\" sizes=\"auto, (max-width: 300px) 100vw, 300px\" \/><\/p>\n<\/div>\n<\/div>\n<\/div>\n<\/div>\n<div class=\"elementor-widget-container\">\n<div class=\"woocommerce-product-details__short-description\">\n<div dir=\"auto\">\n<p><img loading=\"lazy\" decoding=\"async\" class=\"alignnone size-medium wp-image-276\" src=\"https:\/\/binaturalproducts.com\/wp-content\/uploads\/2021\/08\/Nevtelen-terv-12-1-300x213.png\" alt=\"\" width=\"300\" height=\"213\" srcset=\"https:\/\/binaturalproducts.com\/wp-content\/uploads\/2021\/08\/Nevtelen-terv-12-1-300x213.png 300w, https:\/\/binaturalproducts.com\/wp-content\/uploads\/2021\/08\/Nevtelen-terv-12-1-1024x726.png 1024w, https:\/\/binaturalproducts.com\/wp-content\/uploads\/2021\/08\/Nevtelen-terv-12-1-768x545.png 768w, https:\/\/binaturalproducts.com\/wp-content\/uploads\/2021\/08\/Nevtelen-terv-12-1-1536x1090.png 1536w, https:\/\/binaturalproducts.com\/wp-content\/uploads\/2021\/08\/Nevtelen-terv-12-1-600x426.png 600w, https:\/\/binaturalproducts.com\/wp-content\/uploads\/2021\/08\/Nevtelen-terv-12-1.png 1748w\" sizes=\"auto, (max-width: 300px) 100vw, 300px\" \/><\/p>\n<\/div>\n<\/div>\n<div dir=\"auto\">\n<p><strong>Ingrediente principale:<\/strong> tensid\u0103 de cocos, ulei de avocado, keratin\u0103, pudr\u0103 de urzic\u0103, rozmarin, arbore de ceai, salvie.<\/p>\n<\/div>\n<\/div>\n<\/div>\n<div class=\"elementor-element elementor-element-7b37cb3 elementor-widget elementor-widget-woocommerce-product-short-description\" data-id=\"7b37cb3\" data-element_type=\"widget\" data-widget_type=\"woocommerce-product-short-description.default\">\n<div class=\"elementor-widget-container\">\n<div class=\"woocommerce-product-details__short-description\">\n<div class=\"o9v6fnle cxmmr5t8 oygrvhab hcukyx3x c1et5uql ii04i59q\">\n<div dir=\"auto\"><strong>Mod de folosire:<\/strong><\/div>\n<div dir=\"auto\">\n<p>Freca\u021bi \u0219amponul solid pe p\u0103rul umed. Folosi\u021bi degetele pentru a face spum\u0103 pe p\u0103r, se va forma o spum\u0103 bogat\u0103, a\u0219tepta\u021bi c\u00e2teva minute \u0219i cl\u0103ti\u021bi bine. Repeta\u021bi dac\u0103 este necesar. Datorit\u0103 pH-ului s\u0103u prietenos cu pielea, nu este necesar  cl\u0103tirea cu o\u021bet.  Balsamul de p\u0103r poate fi aplicat ulterior, dup\u0103 caz.<\/p>\n<\/div>\n<\/div>\n<div class=\"o9v6fnle cxmmr5t8 oygrvhab hcukyx3x c1et5uql ii04i59q\">\n<div dir=\"auto\"><strong><span class=\"pq6dq46d tbxw36s4 knj5qynh kvgmc6g5 ditlmg2l oygrvhab nvdbi5me sf5mxxl7 gl3lb2sf hhz5lgdu\">Depozitare:<\/span><\/strong><\/div>\n<div dir=\"auto\">\n<div>P\u0103stra\u021bi \u0219amponul pe savoniera cu gr\u0103tar, pentru a prelungi durat\u0103 de viata a acestuia.<span style=\"font-size: 16px;\">\u00a0.<\/span><\/div>\n<\/div>\n<div dir=\"auto\">\n<p>Cantitatea \u0219amponului maxi  85 g+\/ -10g =  3-4 flacoane de 250 ml de \u0219ampon<\/p>\n<p><strong>NU con\u021bine:<\/strong><\/p>\n<\/div>\n<\/div>\n<div dir=\"auto\">\n<ul>\n<li>parabeni, EDTA, coloran\u0163i, PEG sau al\u0163i deriva\u0163i din petrol<\/li>\n<li>deriva\u021bi de silicon<\/li>\n<li>conservan\u0163i<\/li>\n<li>ingrediente de origine animal\u0103,<\/li>\n<li>ingrediente care au fost testate pe animale,<\/li>\n<li>Sodium Laureth\/Lauryl Sulfate<\/li>\n<\/ul>\n<p>.<\/p>\n<\/div>\n<\/div>\n<\/div>\n<\/div>","protected":false},"excerpt":{"rendered":"<div dir=\"auto\">Este potrivit \u00een special pentru p\u0103rul gras sau predispus la m\u0103trea\u021b\u0103 \u0219i scalpul cu probleme, dar este potrivit \u0219i pentru toate tipurile de p\u0103r, deoarece con\u021bine \u0219i ulei de avocado. Uleiul de avocado hrane\u0219te si infrumuse\u021beaz\u0103 perfect p\u0103rul, oferindu-i str\u0103lucire.<\/div>","protected":false},"featured_media":498,"comment_status":"open","ping_status":"closed","template":"","meta":[],"product_brand":[],"product_cat":[45,21],"product_tag":[],"class_list":{"0":"post-168","1":"product","2":"type-product","3":"status-publish","4":"has-post-thumbnail","6":"product_cat-osszes","7":"product_cat-hajapolas","9":"first","10":"instock","11":"shipping-taxable","12":"purchasable","13":"product-type-simple"},"yoast_head":"<!-- This site is optimized with the Yoast SEO plugin v27.4 - https:\/\/yoast.com\/product\/yoast-seo-wordpress\/ -->\n<title>Nat\u00far csal\u00e1n sampon - Binaturalproducts<\/title>\n<meta name=\"description\" content=\"Kifejezetten alkalmas a zs\u00edros vagy korp\u00e1s hajra, probl\u00e9m\u00e1s fejb\u0151rre, de minden hajt\u00edpusra is megfelel\u0151, mivel avok\u00e1d\u00f3 olajat is tartalmaz.\" \/>\n<meta name=\"robots\" content=\"index, follow, max-snippet:-1, max-image-preview:large, max-video-preview:-1\" \/>\n<link rel=\"canonical\" href=\"https:\/\/binaturalproducts.com\/ro\/produs\/sampon-natural-solid-cu-urzica\/\" \/>\n<meta property=\"og:locale\" content=\"ro_RO\" \/>\n<meta property=\"og:type\" content=\"article\" \/>\n<meta property=\"og:title\" content=\"Nat\u00far csal\u00e1n sampon - Binaturalproducts\" \/>\n<meta property=\"og:description\" content=\"Kifejezetten alkalmas a zs\u00edros vagy korp\u00e1s hajra, probl\u00e9m\u00e1s fejb\u0151rre, de minden hajt\u00edpusra is megfelel\u0151, mivel avok\u00e1d\u00f3 olajat is tartalmaz.\" \/>\n<meta property=\"og:url\" content=\"https:\/\/binaturalproducts.com\/ro\/produs\/sampon-natural-solid-cu-urzica\/\" \/>\n<meta property=\"og:site_name\" content=\"Binaturalproducts\" \/>\n<meta property=\"article:modified_time\" content=\"2025-09-02T08:39:55+00:00\" \/>\n<meta property=\"og:image\" content=\"https:\/\/binaturalproducts.com\/wp-content\/uploads\/2021\/08\/269207400_4925172930854115_671911790448460718_n-1.jpg\" \/>\n\t<meta property=\"og:image:width\" content=\"2010\" \/>\n\t<meta property=\"og:image:height\" content=\"2015\" \/>\n\t<meta property=\"og:image:type\" content=\"image\/jpeg\" \/>\n<meta name=\"twitter:card\" content=\"summary_large_image\" \/>\n<meta name=\"twitter:label1\" content=\"Timp estimat pentru citire\" \/>\n\t<meta name=\"twitter:data1\" content=\"4 minute\" \/>\n<script type=\"application\/ld+json\" class=\"yoast-schema-graph\">{\"@context\":\"https:\\\/\\\/schema.org\",\"@graph\":[{\"@type\":\"WebPage\",\"@id\":\"https:\\\/\\\/binaturalproducts.com\\\/termek\\\/natur-csalan-sampon-2\\\/\",\"url\":\"https:\\\/\\\/binaturalproducts.com\\\/termek\\\/natur-csalan-sampon-2\\\/\",\"name\":\"Nat\u00far csal\u00e1n sampon - Binaturalproducts\",\"isPartOf\":{\"@id\":\"https:\\\/\\\/binaturalproducts.com\\\/#website\"},\"primaryImageOfPage\":{\"@id\":\"https:\\\/\\\/binaturalproducts.com\\\/termek\\\/natur-csalan-sampon-2\\\/#primaryimage\"},\"image\":{\"@id\":\"https:\\\/\\\/binaturalproducts.com\\\/termek\\\/natur-csalan-sampon-2\\\/#primaryimage\"},\"thumbnailUrl\":\"https:\\\/\\\/binaturalproducts.com\\\/wp-content\\\/uploads\\\/2021\\\/08\\\/269207400_4925172930854115_671911790448460718_n-1.jpg\",\"datePublished\":\"2021-08-14T11:47:10+00:00\",\"dateModified\":\"2025-09-02T08:39:55+00:00\",\"description\":\"Kifejezetten alkalmas a zs\u00edros vagy korp\u00e1s hajra, probl\u00e9m\u00e1s fejb\u0151rre, de minden hajt\u00edpusra is megfelel\u0151, mivel avok\u00e1d\u00f3 olajat is tartalmaz.\",\"breadcrumb\":{\"@id\":\"https:\\\/\\\/binaturalproducts.com\\\/termek\\\/natur-csalan-sampon-2\\\/#breadcrumb\"},\"inLanguage\":\"ro-RO\",\"potentialAction\":[{\"@type\":\"ReadAction\",\"target\":[\"https:\\\/\\\/binaturalproducts.com\\\/termek\\\/natur-csalan-sampon-2\\\/\"]}]},{\"@type\":\"ImageObject\",\"inLanguage\":\"ro-RO\",\"@id\":\"https:\\\/\\\/binaturalproducts.com\\\/termek\\\/natur-csalan-sampon-2\\\/#primaryimage\",\"url\":\"https:\\\/\\\/binaturalproducts.com\\\/wp-content\\\/uploads\\\/2021\\\/08\\\/269207400_4925172930854115_671911790448460718_n-1.jpg\",\"contentUrl\":\"https:\\\/\\\/binaturalproducts.com\\\/wp-content\\\/uploads\\\/2021\\\/08\\\/269207400_4925172930854115_671911790448460718_n-1.jpg\",\"width\":2010,\"height\":2015,\"caption\":\"Binatural Products - Nat\u00far csal\u00e1n sampon\"},{\"@type\":\"BreadcrumbList\",\"@id\":\"https:\\\/\\\/binaturalproducts.com\\\/termek\\\/natur-csalan-sampon-2\\\/#breadcrumb\",\"itemListElement\":[{\"@type\":\"ListItem\",\"position\":1,\"name\":\"Kezd\u0151lap\",\"item\":\"https:\\\/\\\/binaturalproducts.com\\\/\"},{\"@type\":\"ListItem\",\"position\":2,\"name\":\"\u00dczlet\",\"item\":\"https:\\\/\\\/binaturalproducts.com\\\/uzlet\\\/\"},{\"@type\":\"ListItem\",\"position\":3,\"name\":\"Nat\u00far csal\u00e1n sampon\"}]},{\"@type\":\"WebSite\",\"@id\":\"https:\\\/\\\/binaturalproducts.com\\\/#website\",\"url\":\"https:\\\/\\\/binaturalproducts.com\\\/\",\"name\":\"Binaturalproducts\",\"description\":\"Nat\u00far term\u00e9kek Erd\u00e9ly sz\u00edv\u00e9b\u0151l\",\"potentialAction\":[{\"@type\":\"SearchAction\",\"target\":{\"@type\":\"EntryPoint\",\"urlTemplate\":\"https:\\\/\\\/binaturalproducts.com\\\/?s={search_term_string}\"},\"query-input\":{\"@type\":\"PropertyValueSpecification\",\"valueRequired\":true,\"valueName\":\"search_term_string\"}}],\"inLanguage\":\"ro-RO\"}]}<\/script>\n<!-- \/ Yoast SEO plugin. -->","yoast_head_json":{"title":"Nat\u00far csal\u00e1n sampon - Binaturalproducts","description":"Kifejezetten alkalmas a zs\u00edros vagy korp\u00e1s hajra, probl\u00e9m\u00e1s fejb\u0151rre, de minden hajt\u00edpusra is megfelel\u0151, mivel avok\u00e1d\u00f3 olajat is tartalmaz.","robots":{"index":"index","follow":"follow","max-snippet":"max-snippet:-1","max-image-preview":"max-image-preview:large","max-video-preview":"max-video-preview:-1"},"canonical":"https:\/\/binaturalproducts.com\/ro\/produs\/sampon-natural-solid-cu-urzica\/","og_locale":"ro_RO","og_type":"article","og_title":"Nat\u00far csal\u00e1n sampon - Binaturalproducts","og_description":"Kifejezetten alkalmas a zs\u00edros vagy korp\u00e1s hajra, probl\u00e9m\u00e1s fejb\u0151rre, de minden hajt\u00edpusra is megfelel\u0151, mivel avok\u00e1d\u00f3 olajat is tartalmaz.","og_url":"https:\/\/binaturalproducts.com\/ro\/produs\/sampon-natural-solid-cu-urzica\/","og_site_name":"Binaturalproducts","article_modified_time":"2025-09-02T08:39:55+00:00","og_image":[{"width":2010,"height":2015,"url":"https:\/\/binaturalproducts.com\/wp-content\/uploads\/2021\/08\/269207400_4925172930854115_671911790448460718_n-1.jpg","type":"image\/jpeg"}],"twitter_card":"summary_large_image","twitter_misc":{"Timp estimat pentru citire":"4 minute"},"schema":{"@context":"https:\/\/schema.org","@graph":[{"@type":"WebPage","@id":"https:\/\/binaturalproducts.com\/termek\/natur-csalan-sampon-2\/","url":"https:\/\/binaturalproducts.com\/termek\/natur-csalan-sampon-2\/","name":"Nat\u00far csal\u00e1n sampon - Binaturalproducts","isPartOf":{"@id":"https:\/\/binaturalproducts.com\/#website"},"primaryImageOfPage":{"@id":"https:\/\/binaturalproducts.com\/termek\/natur-csalan-sampon-2\/#primaryimage"},"image":{"@id":"https:\/\/binaturalproducts.com\/termek\/natur-csalan-sampon-2\/#primaryimage"},"thumbnailUrl":"https:\/\/binaturalproducts.com\/wp-content\/uploads\/2021\/08\/269207400_4925172930854115_671911790448460718_n-1.jpg","datePublished":"2021-08-14T11:47:10+00:00","dateModified":"2025-09-02T08:39:55+00:00","description":"Kifejezetten alkalmas a zs\u00edros vagy korp\u00e1s hajra, probl\u00e9m\u00e1s fejb\u0151rre, de minden hajt\u00edpusra is megfelel\u0151, mivel avok\u00e1d\u00f3 olajat is tartalmaz.","breadcrumb":{"@id":"https:\/\/binaturalproducts.com\/termek\/natur-csalan-sampon-2\/#breadcrumb"},"inLanguage":"ro-RO","potentialAction":[{"@type":"ReadAction","target":["https:\/\/binaturalproducts.com\/termek\/natur-csalan-sampon-2\/"]}]},{"@type":"ImageObject","inLanguage":"ro-RO","@id":"https:\/\/binaturalproducts.com\/termek\/natur-csalan-sampon-2\/#primaryimage","url":"https:\/\/binaturalproducts.com\/wp-content\/uploads\/2021\/08\/269207400_4925172930854115_671911790448460718_n-1.jpg","contentUrl":"https:\/\/binaturalproducts.com\/wp-content\/uploads\/2021\/08\/269207400_4925172930854115_671911790448460718_n-1.jpg","width":2010,"height":2015,"caption":"Binatural Products - Nat\u00far csal\u00e1n sampon"},{"@type":"BreadcrumbList","@id":"https:\/\/binaturalproducts.com\/termek\/natur-csalan-sampon-2\/#breadcrumb","itemListElement":[{"@type":"ListItem","position":1,"name":"Kezd\u0151lap","item":"https:\/\/binaturalproducts.com\/"},{"@type":"ListItem","position":2,"name":"\u00dczlet","item":"https:\/\/binaturalproducts.com\/uzlet\/"},{"@type":"ListItem","position":3,"name":"Nat\u00far csal\u00e1n sampon"}]},{"@type":"WebSite","@id":"https:\/\/binaturalproducts.com\/#website","url":"https:\/\/binaturalproducts.com\/","name":"Binaturalproducts","description":"PRODUSE NATURALE DIN INIMA TRANSILVANIEI","potentialAction":[{"@type":"SearchAction","target":{"@type":"EntryPoint","urlTemplate":"https:\/\/binaturalproducts.com\/?s={search_term_string}"},"query-input":{"@type":"PropertyValueSpecification","valueRequired":true,"valueName":"search_term_string"}}],"inLanguage":"ro-RO"}]}},"_links":{"self":[{"href":"https:\/\/binaturalproducts.com\/ro\/wp-json\/wp\/v2\/product\/168","targetHints":{"allow":["GET"]}}],"collection":[{"href":"https:\/\/binaturalproducts.com\/ro\/wp-json\/wp\/v2\/product"}],"about":[{"href":"https:\/\/binaturalproducts.com\/ro\/wp-json\/wp\/v2\/types\/product"}],"replies":[{"embeddable":true,"href":"https:\/\/binaturalproducts.com\/ro\/wp-json\/wp\/v2\/comments?post=168"}],"wp:featuredmedia":[{"embeddable":true,"href":"https:\/\/binaturalproducts.com\/ro\/wp-json\/wp\/v2\/media\/498"}],"wp:attachment":[{"href":"https:\/\/binaturalproducts.com\/ro\/wp-json\/wp\/v2\/media?parent=168"}],"wp:term":[{"taxonomy":"product_brand","embeddable":true,"href":"https:\/\/binaturalproducts.com\/ro\/wp-json\/wp\/v2\/product_brand?post=168"},{"taxonomy":"product_cat","embeddable":true,"href":"https:\/\/binaturalproducts.com\/ro\/wp-json\/wp\/v2\/product_cat?post=168"},{"taxonomy":"product_tag","embeddable":true,"href":"https:\/\/binaturalproducts.com\/ro\/wp-json\/wp\/v2\/product_tag?post=168"}],"curies":[{"name":"wp","href":"https:\/\/api.w.org\/{rel}","templated":true}]}}