{"id":8,"date":"2020-05-03T02:12:17","date_gmt":"2020-05-03T02:12:17","guid":{"rendered":"http:\/\/binaturalproducts.com\/?page_id=8"},"modified":"2024-04-01T08:44:36","modified_gmt":"2024-04-01T06:44:36","slug":"acasa","status":"publish","type":"page","link":"https:\/\/binaturalproducts.com\/ro\/","title":{"rendered":"F\u0151oldal"},"content":{"rendered":"","protected":false},"excerpt":{"rendered":"","protected":false},"author":2,"featured_media":0,"parent":0,"menu_order":0,"comment_status":"closed","ping_status":"closed","template":"","meta":{"footnotes":""},"class_list":["post-8","page","type-page","status-publish","hentry"],"yoast_head":"<!-- This site is optimized with the Yoast SEO plugin v27.4 - https:\/\/yoast.com\/product\/yoast-seo-wordpress\/ -->\n<title>Nat\u00far term\u00e9kek Erd\u00e9ly sz\u00edv\u00e9b\u0151l - Binaturalproducts<\/title>\n<meta name=\"description\" content=\"Min\u0151s\u00e9gi nat\u00far k\u00e9zm\u0171ves term\u00e9kek k\u00e9sz\u00edt\u00e9se: dezodorok, gy\u00f3gyn\u00f6v\u00e9nyes ken\u0151cs\u00f6k, kr\u00e9mek, szappanok, szil\u00e1rd t\u00f6mb\u00f6k ...\" \/>\n<meta name=\"robots\" content=\"index, follow, max-snippet:-1, max-image-preview:large, max-video-preview:-1\" \/>\n<link rel=\"canonical\" href=\"https:\/\/binaturalproducts.com\/ro\/\" \/>\n<meta property=\"og:locale\" content=\"ro_RO\" \/>\n<meta property=\"og:type\" content=\"article\" \/>\n<meta property=\"og:title\" content=\"Nat\u00far term\u00e9kek Erd\u00e9ly sz\u00edv\u00e9b\u0151l - Binaturalproducts\" \/>\n<meta property=\"og:description\" content=\"Min\u0151s\u00e9gi nat\u00far k\u00e9zm\u0171ves term\u00e9kek k\u00e9sz\u00edt\u00e9se: dezodorok, gy\u00f3gyn\u00f6v\u00e9nyes ken\u0151cs\u00f6k, kr\u00e9mek, szappanok, szil\u00e1rd t\u00f6mb\u00f6k ...\" \/>\n<meta property=\"og:url\" content=\"https:\/\/binaturalproducts.com\/ro\/\" \/>\n<meta property=\"og:site_name\" content=\"Binaturalproducts\" \/>\n<meta property=\"article:modified_time\" content=\"2024-04-01T06:44:36+00:00\" \/>\n<meta property=\"og:image\" content=\"https:\/\/binaturalproducts.com\/wp-content\/uploads\/2021\/08\/Nevtelen-terv-1.png\" \/>\n\t<meta property=\"og:image:width\" content=\"1700\" \/>\n\t<meta property=\"og:image:height\" content=\"663\" \/>\n\t<meta property=\"og:image:type\" content=\"image\/png\" \/>\n<meta name=\"twitter:card\" content=\"summary_large_image\" \/>\n<meta name=\"twitter:label1\" content=\"Timp estimat pentru citire\" \/>\n\t<meta name=\"twitter:data1\" content=\"3 minute\" \/>\n<script type=\"application\/ld+json\" class=\"yoast-schema-graph\">{\"@context\":\"https:\\\/\\\/schema.org\",\"@graph\":[{\"@type\":\"WebPage\",\"@id\":\"https:\\\/\\\/binaturalproducts.com\\\/\",\"url\":\"https:\\\/\\\/binaturalproducts.com\\\/\",\"name\":\"Nat\u00far term\u00e9kek Erd\u00e9ly sz\u00edv\u00e9b\u0151l - Binaturalproducts\",\"isPartOf\":{\"@id\":\"https:\\\/\\\/binaturalproducts.com\\\/#website\"},\"datePublished\":\"2020-05-03T02:12:17+00:00\",\"dateModified\":\"2024-04-01T06:44:36+00:00\",\"description\":\"Min\u0151s\u00e9gi nat\u00far k\u00e9zm\u0171ves term\u00e9kek k\u00e9sz\u00edt\u00e9se: dezodorok, gy\u00f3gyn\u00f6v\u00e9nyes ken\u0151cs\u00f6k, kr\u00e9mek, szappanok, szil\u00e1rd t\u00f6mb\u00f6k ...\",\"breadcrumb\":{\"@id\":\"https:\\\/\\\/binaturalproducts.com\\\/#breadcrumb\"},\"inLanguage\":\"ro-RO\",\"potentialAction\":[{\"@type\":\"ReadAction\",\"target\":[\"https:\\\/\\\/binaturalproducts.com\\\/\"]}]},{\"@type\":\"BreadcrumbList\",\"@id\":\"https:\\\/\\\/binaturalproducts.com\\\/#breadcrumb\",\"itemListElement\":[{\"@type\":\"ListItem\",\"position\":1,\"name\":\"Kezd\u0151lap\",\"item\":\"https:\\\/\\\/binaturalproducts.com\\\/\"},{\"@type\":\"ListItem\",\"position\":2,\"name\":\"F\u0151oldal\"}]},{\"@type\":\"WebSite\",\"@id\":\"https:\\\/\\\/binaturalproducts.com\\\/#website\",\"url\":\"https:\\\/\\\/binaturalproducts.com\\\/\",\"name\":\"Binaturalproducts\",\"description\":\"Nat\u00far term\u00e9kek Erd\u00e9ly sz\u00edv\u00e9b\u0151l\",\"potentialAction\":[{\"@type\":\"SearchAction\",\"target\":{\"@type\":\"EntryPoint\",\"urlTemplate\":\"https:\\\/\\\/binaturalproducts.com\\\/?s={search_term_string}\"},\"query-input\":{\"@type\":\"PropertyValueSpecification\",\"valueRequired\":true,\"valueName\":\"search_term_string\"}}],\"inLanguage\":\"ro-RO\"}]}<\/script>\n<!-- \/ Yoast SEO plugin. -->","yoast_head_json":{"title":"Produse naturale din inima Transilvaniei - Binaturalproducts","description":"Realizarea de produse artizanale naturale de calitate: deodorante, unguente din plante, creme, sapunuri, blocuri solide...","robots":{"index":"index","follow":"follow","max-snippet":"max-snippet:-1","max-image-preview":"max-image-preview:large","max-video-preview":"max-video-preview:-1"},"canonical":"https:\/\/binaturalproducts.com\/ro\/","og_locale":"ro_RO","og_type":"article","og_title":"Nat\u00far term\u00e9kek Erd\u00e9ly sz\u00edv\u00e9b\u0151l - Binaturalproducts","og_description":"Min\u0151s\u00e9gi nat\u00far k\u00e9zm\u0171ves term\u00e9kek k\u00e9sz\u00edt\u00e9se: dezodorok, gy\u00f3gyn\u00f6v\u00e9nyes ken\u0151cs\u00f6k, kr\u00e9mek, szappanok, szil\u00e1rd t\u00f6mb\u00f6k ...","og_url":"https:\/\/binaturalproducts.com\/ro\/","og_site_name":"Binaturalproducts","article_modified_time":"2024-04-01T06:44:36+00:00","og_image":[{"width":1700,"height":663,"url":"https:\/\/binaturalproducts.com\/wp-content\/uploads\/2021\/08\/Nevtelen-terv-1.png","type":"image\/png"}],"twitter_card":"summary_large_image","twitter_misc":{"Timp estimat pentru citire":"3 minute"},"schema":{"@context":"https:\/\/schema.org","@graph":[{"@type":"WebPage","@id":"https:\/\/binaturalproducts.com\/","url":"https:\/\/binaturalproducts.com\/","name":"Produse naturale din inima Transilvaniei - Binaturalproducts","isPartOf":{"@id":"https:\/\/binaturalproducts.com\/#website"},"datePublished":"2020-05-03T02:12:17+00:00","dateModified":"2024-04-01T06:44:36+00:00","description":"Realizarea de produse artizanale naturale de calitate: deodorante, unguente din plante, creme, sapunuri, blocuri solide...","breadcrumb":{"@id":"https:\/\/binaturalproducts.com\/#breadcrumb"},"inLanguage":"ro-RO","potentialAction":[{"@type":"ReadAction","target":["https:\/\/binaturalproducts.com\/"]}]},{"@type":"BreadcrumbList","@id":"https:\/\/binaturalproducts.com\/#breadcrumb","itemListElement":[{"@type":"ListItem","position":1,"name":"Kezd\u0151lap","item":"https:\/\/binaturalproducts.com\/"},{"@type":"ListItem","position":2,"name":"F\u0151oldal"}]},{"@type":"WebSite","@id":"https:\/\/binaturalproducts.com\/#website","url":"https:\/\/binaturalproducts.com\/","name":"Binaturalproducts","description":"PRODUSE NATURALE DIN INIMA TRANSILVANIEI","potentialAction":[{"@type":"SearchAction","target":{"@type":"EntryPoint","urlTemplate":"https:\/\/binaturalproducts.com\/?s={search_term_string}"},"query-input":{"@type":"PropertyValueSpecification","valueRequired":true,"valueName":"search_term_string"}}],"inLanguage":"ro-RO"}]}},"_links":{"self":[{"href":"https:\/\/binaturalproducts.com\/ro\/wp-json\/wp\/v2\/pages\/8","targetHints":{"allow":["GET"]}}],"collection":[{"href":"https:\/\/binaturalproducts.com\/ro\/wp-json\/wp\/v2\/pages"}],"about":[{"href":"https:\/\/binaturalproducts.com\/ro\/wp-json\/wp\/v2\/types\/page"}],"author":[{"embeddable":true,"href":"https:\/\/binaturalproducts.com\/ro\/wp-json\/wp\/v2\/users\/2"}],"replies":[{"embeddable":true,"href":"https:\/\/binaturalproducts.com\/ro\/wp-json\/wp\/v2\/comments?post=8"}],"version-history":[{"count":63,"href":"https:\/\/binaturalproducts.com\/ro\/wp-json\/wp\/v2\/pages\/8\/revisions"}],"predecessor-version":[{"id":1064,"href":"https:\/\/binaturalproducts.com\/ro\/wp-json\/wp\/v2\/pages\/8\/revisions\/1064"}],"wp:attachment":[{"href":"https:\/\/binaturalproducts.com\/ro\/wp-json\/wp\/v2\/media?parent=8"}],"curies":[{"name":"wp","href":"https:\/\/api.w.org\/{rel}","templated":true}]}}