{"id":75,"date":"2020-05-03T18:11:19","date_gmt":"2020-05-03T18:11:19","guid":{"rendered":"http:\/\/binaturalproducts.com\/?page_id=75"},"modified":"2023-04-12T20:34:19","modified_gmt":"2023-04-12T18:34:19","slug":"termeni-si-conditii","status":"publish","type":"page","link":"https:\/\/binaturalproducts.com\/ro\/termeni-si-conditii\/","title":{"rendered":"Termeni si Condi\u021bii"},"content":{"rendered":"<p><strong><\/strong><\/p>\r\n<h1>CONDI\u021aII CONTRACTUALE GENERALE<br \/><br \/><\/h1>\r\n<p>Termenii \u0219i condi\u021biile generale (TCG) con\u021bin termenii \u0219i condi\u021biile de utilizare a magazinului online binaturalproducts.com operat de B&amp;I NATURAL PRODUCTS SRL. Numai atunci folosi\u021bi serviciile noastra dac\u0103 sunte\u021bi de acord cu toate punctele sale \u0219i v\u0103 considera\u021bi obligat s\u0103 le respecta\u021bi.\u00a0<\/p>\r\n<p><br \/>. <a href=\"https:\/\/binaturalproducts.com\/ro\/\"><strong>www.binaturalproducts.com<\/strong><\/a> este un magazin online dedicat exclusiv v\u00e2nz\u0103rii de cosmetice naturale realizate manual, produse de aromaterapie \u0219i alte produse cosmetice \u0219i accesorii.<\/p>\r\n<p>\u00cen magazinul online pute\u021bi descoperi gama de produse ale <strong>B&amp;I NATURAL PRODUCTS SRL,<\/strong> \u0219i pute\u021bi cump\u0103ra produsele noastre online. D\u00e2nd click pe produse, pute\u021bi afla compozi\u021bia acestora, efectele lor asupra pielii \u0219i informa\u021bii despre utilizarea lor. Imaginile afi\u0219ate pe produse sunt doar ilustra\u021bii \u0219i pot fi diferite de realitate datorit\u0103 naturii lor artizanale.<\/p>\r\n<p>Datele produselor, fotografiile \u0219i descrierile de pe magazinul online sunt proprietatea <strong>B&amp;I NATURAL PRODUCTS SRL,<\/strong> prin urmare, colectarea, salvarea \u0219i stocarea lor \u00een vrac este interzis\u0103.<br \/><br \/><\/p>\r\n<h2>PL\u0102\u021aI ONLINE CU CARDUL DE CREDIT<\/h2>\r\n<p class=\"translation-block\">\u00cen cazul pl\u0103\u021bii online cu cardul, plata produselor se face prin intermediul platformei online oferite de <strong><a href=\"https:\/\/netopia-payments.com\/\" target=\"_self\">https:\/\/netopia-payments.com\/<\/a> <\/strong>.<\/p>\r\n<h5>LIMITAREA R\u0102SPUNDERII<\/h5>\r\n<p>De\u0219i <strong>B&amp;I NATURAL PRODUCTS SRL<\/strong> depune toate eforturile pentru a se asigura c\u0103 informa\u021biile \u0219i materialele con\u021binute pe site sunt corecte, nu \u00ee\u0219i asum\u0103 nicio responsabilitate pentru acurate\u021bea informa\u021biilor \u0219i materialelor con\u021binute pe site. Nu putem garanta c\u0103 func\u021bionarea site-ului web va fi ne\u00eentrerupt\u0103 sau lipsit\u0103 de erori sau c\u0103 site-ul web este lipsit de viru\u0219i care pot deteriora echipamentul sau software-ul dumneavoastr\u0103.\u00a0<\/p>\r\n<p class=\"translation-block\">Informa\u021biile furnizate de <strong>B&amp;I NATURAL PRODUCTS SRL <\/strong>prin intermediul site-ului <strong><a href=\"https:\/\/binaturalproducts.com\/ro\/\" target=\"_self\">www.binaturalproducts.com<\/a><\/strong> \u0219i a altor canale de socializare sunt pentru uz personal \u0219i strict pentru interes personal. Site-ul nu este conceput pentru a oferi sfaturi medicale profesionale sau tratament pentru orice afec\u021biune. Nu utiliza\u021bi site-ul nostru web sau sfaturile noastre pentru a trata afec\u021biuni medicale.<\/p>\r\n<h5>PRE\u021aURILE PRODUSELOR<\/h5>\r\n<p>Pre\u021burile produselor de pe acest site sunt exprimate \u00een RON, nu includ TVA \u0219i nu sunt impozabile.Pre\u021burile afi\u0219ate pentru produse nu includ cheltuielile de livrare.<\/p>\r\n<h5>COMENZI<\/h5>\r\n<p>Produsele afi\u0219ate pe site sunt comandate prin intermediul co\u0219ului de cump\u0103r\u0103turi, produsele selectate \u0219i cantitatea acestora fiind stabilite de c\u0103tre client. Prin plasarea unei comenzi, clientul se angajeaz\u0103 s\u0103 cumpere produsele \u0219i accept\u0103 ace\u0219ti termeni \u0219i condi\u021bii.<\/p>\r\n<h5>TIMP DE LIVRARE<\/h5>\r\n<p class=\"translation-block\">Termenul de livrare pentru produsele achizi\u021bionate de pe site-ul <strong><a href=\"https:\/\/binaturalproducts.com\/ro\/\" target=\"_self\">www.binaturalproducts.com<\/a><\/strong> \u0219i aflate \u00een stoc la momentul respectiv este \u00een general \u00eentre 2-14 zile lucr\u0103toare, calculat dup\u0103 trimiterea comenzii.<\/p>\r\n<h5>RECLAMA\u021aII \u0218I DREPTUL DE RETRAGERE<\/h5>\r\n<p class=\"translation-block\">Pot fi returnate numai produsele achizi\u021bionate de pe <strong><a href=\"https:\/\/binaturalproducts.com\/ro\/\" target=\"_self\">www.binaturalproducts.com<\/a><\/strong> care nu sunt conforme cu informa\u021biile furnizate pe site sau produsele care sunt trimise incorect. Produsele returnate trebuie s\u0103 fie \u00een aceea\u0219i stare \u00een care au fost livrate, \u00een ambalajul lor original, cu toate accesoriile, \u00eentr-un ambalaj exterior adecvat pentru a le proteja \u00een timpul transportului. Nu accept\u0103m return\u0103ri de produse folosite sau incomplete.<\/p>\r\n<p>Costurile de returnare a produselor sunt \u00een responsabilitatea clientului.<\/p>\r\n<p>\u00cen cazul de mai sus, <strong>B&amp;I NATURAL PRODUCTS SRL,<\/strong> va rambursa contravaloarea produselor returnate \u00een termen de maxim 15 zile lucr\u0103toare.<\/p>\r\n<p>Retururile trebuie s\u0103 fie efectuate \u00een termen de 30 de zile de la cump\u0103rare.<\/p>\r\n<p>&nbsp;<\/p>\r\n<h3>NUMELE FURNIZORULUI DE SERVICII, AL OPERATORULUI DE DATE<\/h3>\r\n<p>Numele \/ denumirea firmei: <strong>B&amp;I NATURAL PRODUCTS SRL,<\/strong><br \/>Locul de stabilire: <strong>Sat.Nicole\u0219ti,Com.Frumoasa,Nr.122,Harghita,Rom\u00e2nia.\u00a0 537118 Tel:+40-743781738,<br \/><\/strong>E-mail: <strong>infobinaturalproducts@gmail.com<\/strong><\/p>\r\n<p><br \/>Num\u0103rul de \u00eenregistrare al societ\u0103\u021bii: <strong>45628790<\/strong><br \/>Num\u0103r de identificare fiscal\u0103: <strong>J19\/80\/2022<\/strong><br \/>Numele \u0219i adresa site-ului web:\u00a0<strong><a href=\"https:\/\/www.katinaturals.com\/\">https:\/\/www.binaturalproducts.com<\/a><\/strong><\/p>\r\n<p><strong><\/strong><\/p>","protected":false},"excerpt":{"rendered":"<p>\u00c1LTAL\u00c1NOS SZERZ\u0150D\u00c9SI FELT\u00c9TELEK A jelen \u00c1ltal\u00e1nos Szerz\u0151d\u00e9si Felt\u00e9telek (\u00c1SZF) tartalmazza a B&amp;I NATURAL PRODUCTS SRL \u00e1ltal \u00fczemeltetett binaturalproducts.com web\u00e1ruh\u00e1z haszn\u00e1lat\u00e1nak felt\u00e9teleit. Csak akkor vegye ig\u00e9nybe szolg\u00e1ltat\u00e1sainkat, amennyiben minden pontj\u00e1val egyet\u00e9rt, \u00e9s k\u00f6telez\u0151 \u00e9rv\u00e9ny\u0171nek tekinti mag\u00e1ra n\u00e9zve.\u00a0 A www.binaturalproducts.com kiz\u00e1r\u00f3lag k\u00e9zzel k\u00e9sz\u00edtett term\u00e9szetes kozmetikumok, aromater\u00e1pi\u00e1s term\u00e9kek, valamint m\u00e1s kozmetikai term\u00e9kek \u00e9s kieg\u00e9sz\u00edt\u0151k \u00e9rt\u00e9kes\u00edt\u00e9s\u00e9vel foglalkoz\u00f3 online webshop. [&hellip;]<\/p>\n","protected":false},"author":2,"featured_media":0,"parent":0,"menu_order":0,"comment_status":"closed","ping_status":"closed","template":"","meta":{"footnotes":""},"class_list":["post-75","page","type-page","status-publish","hentry"],"yoast_head":"<!-- This site is optimized with the Yoast SEO plugin v27.4 - https:\/\/yoast.com\/product\/yoast-seo-wordpress\/ -->\n<title>\u00c1ltal\u00e1nos szerz\u0151d\u00e9si felt\u00e9telek - Binaturalproducts<\/title>\n<meta name=\"robots\" content=\"index, follow, max-snippet:-1, max-image-preview:large, max-video-preview:-1\" \/>\n<link rel=\"canonical\" href=\"https:\/\/binaturalproducts.com\/ro\/termeni-si-conditii\/\" \/>\n<meta property=\"og:locale\" content=\"ro_RO\" \/>\n<meta property=\"og:type\" content=\"article\" \/>\n<meta property=\"og:title\" content=\"\u00c1ltal\u00e1nos szerz\u0151d\u00e9si felt\u00e9telek - Binaturalproducts\" \/>\n<meta property=\"og:description\" content=\"\u00c1LTAL\u00c1NOS SZERZ\u0150D\u00c9SI FELT\u00c9TELEK A jelen \u00c1ltal\u00e1nos Szerz\u0151d\u00e9si Felt\u00e9telek (\u00c1SZF) tartalmazza a B&amp;I NATURAL PRODUCTS SRL \u00e1ltal \u00fczemeltetett binaturalproducts.com web\u00e1ruh\u00e1z haszn\u00e1lat\u00e1nak felt\u00e9teleit. Csak akkor vegye ig\u00e9nybe szolg\u00e1ltat\u00e1sainkat, amennyiben minden pontj\u00e1val egyet\u00e9rt, \u00e9s k\u00f6telez\u0151 \u00e9rv\u00e9ny\u0171nek tekinti mag\u00e1ra n\u00e9zve.\u00a0 A www.binaturalproducts.com kiz\u00e1r\u00f3lag k\u00e9zzel k\u00e9sz\u00edtett term\u00e9szetes kozmetikumok, aromater\u00e1pi\u00e1s term\u00e9kek, valamint m\u00e1s kozmetikai term\u00e9kek \u00e9s kieg\u00e9sz\u00edt\u0151k \u00e9rt\u00e9kes\u00edt\u00e9s\u00e9vel foglalkoz\u00f3 online webshop. [&hellip;]\" \/>\n<meta property=\"og:url\" content=\"https:\/\/binaturalproducts.com\/ro\/termeni-si-conditii\/\" \/>\n<meta property=\"og:site_name\" content=\"Binaturalproducts\" \/>\n<meta property=\"article:modified_time\" content=\"2023-04-12T18:34:19+00:00\" \/>\n<meta property=\"og:image\" content=\"https:\/\/binaturalproducts.com\/wp-content\/uploads\/2021\/08\/Nevtelen-terv-1.png\" \/>\n\t<meta property=\"og:image:width\" content=\"1700\" \/>\n\t<meta property=\"og:image:height\" content=\"663\" \/>\n\t<meta property=\"og:image:type\" content=\"image\/png\" \/>\n<meta name=\"twitter:card\" content=\"summary_large_image\" \/>\n<meta name=\"twitter:label1\" content=\"Timp estimat pentru citire\" \/>\n\t<meta name=\"twitter:data1\" content=\"3 minute\" \/>\n<script type=\"application\/ld+json\" class=\"yoast-schema-graph\">{\"@context\":\"https:\\\/\\\/schema.org\",\"@graph\":[{\"@type\":\"WebPage\",\"@id\":\"https:\\\/\\\/binaturalproducts.com\\\/altalanos-szerzodesi-feltetelek\\\/\",\"url\":\"https:\\\/\\\/binaturalproducts.com\\\/altalanos-szerzodesi-feltetelek\\\/\",\"name\":\"\u00c1ltal\u00e1nos szerz\u0151d\u00e9si felt\u00e9telek - Binaturalproducts\",\"isPartOf\":{\"@id\":\"https:\\\/\\\/binaturalproducts.com\\\/#website\"},\"datePublished\":\"2020-05-03T18:11:19+00:00\",\"dateModified\":\"2023-04-12T18:34:19+00:00\",\"breadcrumb\":{\"@id\":\"https:\\\/\\\/binaturalproducts.com\\\/altalanos-szerzodesi-feltetelek\\\/#breadcrumb\"},\"inLanguage\":\"ro-RO\",\"potentialAction\":[{\"@type\":\"ReadAction\",\"target\":[\"https:\\\/\\\/binaturalproducts.com\\\/altalanos-szerzodesi-feltetelek\\\/\"]}]},{\"@type\":\"BreadcrumbList\",\"@id\":\"https:\\\/\\\/binaturalproducts.com\\\/altalanos-szerzodesi-feltetelek\\\/#breadcrumb\",\"itemListElement\":[{\"@type\":\"ListItem\",\"position\":1,\"name\":\"Kezd\u0151lap\",\"item\":\"https:\\\/\\\/binaturalproducts.com\\\/\"},{\"@type\":\"ListItem\",\"position\":2,\"name\":\"\u00c1ltal\u00e1nos szerz\u0151d\u00e9si felt\u00e9telek\"}]},{\"@type\":\"WebSite\",\"@id\":\"https:\\\/\\\/binaturalproducts.com\\\/#website\",\"url\":\"https:\\\/\\\/binaturalproducts.com\\\/\",\"name\":\"Binaturalproducts\",\"description\":\"Nat\u00far term\u00e9kek Erd\u00e9ly sz\u00edv\u00e9b\u0151l\",\"potentialAction\":[{\"@type\":\"SearchAction\",\"target\":{\"@type\":\"EntryPoint\",\"urlTemplate\":\"https:\\\/\\\/binaturalproducts.com\\\/?s={search_term_string}\"},\"query-input\":{\"@type\":\"PropertyValueSpecification\",\"valueRequired\":true,\"valueName\":\"search_term_string\"}}],\"inLanguage\":\"ro-RO\"}]}<\/script>\n<!-- \/ Yoast SEO plugin. -->","yoast_head_json":{"title":"CONDI\u021aII CONTRACTUALE GENERALE - Binaturalproducts","robots":{"index":"index","follow":"follow","max-snippet":"max-snippet:-1","max-image-preview":"max-image-preview:large","max-video-preview":"max-video-preview:-1"},"canonical":"https:\/\/binaturalproducts.com\/ro\/termeni-si-conditii\/","og_locale":"ro_RO","og_type":"article","og_title":"\u00c1ltal\u00e1nos szerz\u0151d\u00e9si felt\u00e9telek - Binaturalproducts","og_description":"\u00c1LTAL\u00c1NOS SZERZ\u0150D\u00c9SI FELT\u00c9TELEK A jelen \u00c1ltal\u00e1nos Szerz\u0151d\u00e9si Felt\u00e9telek (\u00c1SZF) tartalmazza a B&amp;I NATURAL PRODUCTS SRL \u00e1ltal \u00fczemeltetett binaturalproducts.com web\u00e1ruh\u00e1z haszn\u00e1lat\u00e1nak felt\u00e9teleit. Csak akkor vegye ig\u00e9nybe szolg\u00e1ltat\u00e1sainkat, amennyiben minden pontj\u00e1val egyet\u00e9rt, \u00e9s k\u00f6telez\u0151 \u00e9rv\u00e9ny\u0171nek tekinti mag\u00e1ra n\u00e9zve.\u00a0 A www.binaturalproducts.com kiz\u00e1r\u00f3lag k\u00e9zzel k\u00e9sz\u00edtett term\u00e9szetes kozmetikumok, aromater\u00e1pi\u00e1s term\u00e9kek, valamint m\u00e1s kozmetikai term\u00e9kek \u00e9s kieg\u00e9sz\u00edt\u0151k \u00e9rt\u00e9kes\u00edt\u00e9s\u00e9vel foglalkoz\u00f3 online webshop. [&hellip;]","og_url":"https:\/\/binaturalproducts.com\/ro\/termeni-si-conditii\/","og_site_name":"Binaturalproducts","article_modified_time":"2023-04-12T18:34:19+00:00","og_image":[{"width":1700,"height":663,"url":"https:\/\/binaturalproducts.com\/wp-content\/uploads\/2021\/08\/Nevtelen-terv-1.png","type":"image\/png"}],"twitter_card":"summary_large_image","twitter_misc":{"Timp estimat pentru citire":"3 minute"},"schema":{"@context":"https:\/\/schema.org","@graph":[{"@type":"WebPage","@id":"https:\/\/binaturalproducts.com\/altalanos-szerzodesi-feltetelek\/","url":"https:\/\/binaturalproducts.com\/altalanos-szerzodesi-feltetelek\/","name":"CONDI\u021aII CONTRACTUALE GENERALE - Binaturalproducts","isPartOf":{"@id":"https:\/\/binaturalproducts.com\/#website"},"datePublished":"2020-05-03T18:11:19+00:00","dateModified":"2023-04-12T18:34:19+00:00","breadcrumb":{"@id":"https:\/\/binaturalproducts.com\/altalanos-szerzodesi-feltetelek\/#breadcrumb"},"inLanguage":"ro-RO","potentialAction":[{"@type":"ReadAction","target":["https:\/\/binaturalproducts.com\/altalanos-szerzodesi-feltetelek\/"]}]},{"@type":"BreadcrumbList","@id":"https:\/\/binaturalproducts.com\/altalanos-szerzodesi-feltetelek\/#breadcrumb","itemListElement":[{"@type":"ListItem","position":1,"name":"Kezd\u0151lap","item":"https:\/\/binaturalproducts.com\/"},{"@type":"ListItem","position":2,"name":"\u00c1ltal\u00e1nos szerz\u0151d\u00e9si felt\u00e9telek"}]},{"@type":"WebSite","@id":"https:\/\/binaturalproducts.com\/#website","url":"https:\/\/binaturalproducts.com\/","name":"Binaturalproducts","description":"PRODUSE NATURALE DIN INIMA TRANSILVANIEI","potentialAction":[{"@type":"SearchAction","target":{"@type":"EntryPoint","urlTemplate":"https:\/\/binaturalproducts.com\/?s={search_term_string}"},"query-input":{"@type":"PropertyValueSpecification","valueRequired":true,"valueName":"search_term_string"}}],"inLanguage":"ro-RO"}]}},"_links":{"self":[{"href":"https:\/\/binaturalproducts.com\/ro\/wp-json\/wp\/v2\/pages\/75","targetHints":{"allow":["GET"]}}],"collection":[{"href":"https:\/\/binaturalproducts.com\/ro\/wp-json\/wp\/v2\/pages"}],"about":[{"href":"https:\/\/binaturalproducts.com\/ro\/wp-json\/wp\/v2\/types\/page"}],"author":[{"embeddable":true,"href":"https:\/\/binaturalproducts.com\/ro\/wp-json\/wp\/v2\/users\/2"}],"replies":[{"embeddable":true,"href":"https:\/\/binaturalproducts.com\/ro\/wp-json\/wp\/v2\/comments?post=75"}],"version-history":[{"count":13,"href":"https:\/\/binaturalproducts.com\/ro\/wp-json\/wp\/v2\/pages\/75\/revisions"}],"predecessor-version":[{"id":3197,"href":"https:\/\/binaturalproducts.com\/ro\/wp-json\/wp\/v2\/pages\/75\/revisions\/3197"}],"wp:attachment":[{"href":"https:\/\/binaturalproducts.com\/ro\/wp-json\/wp\/v2\/media?parent=75"}],"curies":[{"name":"wp","href":"https:\/\/api.w.org\/{rel}","templated":true}]}}