{"id":385,"date":"2023-02-27T09:36:26","date_gmt":"2023-02-27T07:36:26","guid":{"rendered":"https:\/\/binaturalproducts.com\/?page_id=385"},"modified":"2023-04-05T15:08:54","modified_gmt":"2023-04-05T13:08:54","slug":"politica-de-confidentialitate","status":"publish","type":"page","link":"https:\/\/binaturalproducts.com\/ro\/politica-de-confidentialitate\/","title":{"rendered":"Politica de confiden\u021bialitate"},"content":{"rendered":"<h1>Politica de confiden\u021bialitate<\/h1>\n<p>&nbsp;<\/p>\n<p><strong>B&amp;I Natural Products SRL<\/strong>, \u00een calitate de operator al site-ului www.binaturalproducts.com, este con\u0219tient de faptul c\u0103 este important pentru Clien\u021bii s\u0103i ca datele lor s\u0103 fie tratate cu aten\u021bie \u0219i cu confiden\u021bialitate \u0219i, prin urmare, ne desf\u0103\u0219ur\u0103m activit\u0103\u021bile de gestionare a datelor av\u00e2nd \u00een vedere acest lucru.<\/p>\n<p>\u00cencep\u00e2nd cu luna mai 2018, aplicarea Regulamentului (UE) 2016\/679 al Parlamentului European \u0219i al Consiliului privind protec\u021bia persoanelor fizice \u00een ceea ce prive\u0219te prelucrarea datelor cu caracter personal \u0219i privind libera circula\u021bie a acestor date (Regulamentul general privind protec\u021bia datelor) este obligatorie \u00een toate statele membre ale Uniunii Europene.<\/p>\n<p>Datele cu caracter personal pe care le stoc\u0103m \u0219i le proces\u0103m sunt colectate de la dumneavoastr\u0103, iar \u00een cazul \u00een care colect\u0103m date cu caracter personal \u00een leg\u0103tur\u0103 cu procesarea comenzilor, transmiterea se face \u00een format criptat Secure Sockets Layer (SSL).<\/p>\n<p>Datele pe care le furniza\u021bi vor fi stocate de c\u0103tre B&amp;I NATURAL PRODUCTS SRL. exclusiv \u00een scopul \u00eendeplinirii comenzii, al dovedirii ulterioare a condi\u021biilor de comand\u0103 sau al trimiterii unui newsletter. Datele dvs. nu vor fi divulgate unor ter\u021be p\u0103r\u021bi, cu excep\u021bia cazului \u00een care acestea ac\u021bioneaz\u0103 \u00een calitate de subcontractori pentru executarea contractului, de exemplu, servicii de curierat, care nu au dreptul de a utiliza, stoca sau divulga datele primite sub nicio form\u0103 c\u0103tre ter\u021be p\u0103r\u021bi.<\/p>\n<p>Vom \u0219terge datele dvs. cu caracter personal la cererea dvs. dac\u0103 a\u021bi depus o cerere de \u0219tergere, dar \u0219tergerea va fi posibil\u0103 numai dac\u0103 obliga\u021biile legale de p\u0103strare nu \u00eempiedic\u0103 \u0219tergerea, dac\u0103 datele nu mai sunt necesare pentru scopul pentru care au fost stocate sau dac\u0103 stocarea nu este permis\u0103 din alte motive. Cu toate acestea, aceast\u0103 dispozi\u021bie nu se aplic\u0103 datelor necesare pentru procesarea comenzii dumneavoastr\u0103 \u0219i nici datelor de comand\u0103 care sunt arhivate \u00een scopuri fiscale. Odat\u0103 ce am primit cererea dumneavoastr\u0103, nu vom utiliza, prelucra sau transfera aceste date \u00een niciun alt scop dec\u00e2t pentru procesarea comenzii dumneavoastr\u0103 sau \u00een situa\u021biile \u00een care acest lucru este necesar pentru a respecta o obliga\u021bie legal\u0103.<strong><br \/>\n<\/strong><\/p>\n<p><strong>\u00cen cazul \u00een care unele informa\u021bii sunt furnizate incorect pe site-ul web, v\u0103 rug\u0103m s\u0103 ne informa\u021bi c\u00e2t mai cur\u00e2nd posibil.<\/strong><\/p>","protected":false},"excerpt":{"rendered":"<p>Adatv\u00e9delmi ir\u00e1nyelvek &nbsp; A B&amp;I Natural Products SRL, mint a www.binaturalproducts.com honlap \u00fczemeltet\u0151je tiszt\u00e1ban van vele, hogy V\u00e1s\u00e1rl\u00f3inak fontos, hogy adataikat k\u00f6r\u00fcltekint\u0151en \u00e9s bizalmasan kezelj\u00fck ez\u00e9rt ezt szem el\u0151tt tartva v\u00e9gezz\u00fck adatkezel\u00e9si tev\u00e9kenys\u00e9g\u00fcnket. Az Eur\u00f3pai Uni\u00f3 minden tag\u00e1llam\u00e1ban 2018. m\u00e1jus\u00e1t\u00f3l k\u00f6telez\u0151 az Eur\u00f3pai Parlament \u00e9s a Tan\u00e1cs (EU) 2016\/679-es sz\u00e1m\u00fa, a term\u00e9szetes szem\u00e9lyeknek a szem\u00e9lyes [&hellip;]<\/p>\n","protected":false},"author":2,"featured_media":0,"parent":0,"menu_order":0,"comment_status":"closed","ping_status":"closed","template":"","meta":{"footnotes":""},"class_list":["post-385","page","type-page","status-publish","hentry"],"yoast_head":"<!-- This site is optimized with the Yoast SEO plugin v27.4 - https:\/\/yoast.com\/product\/yoast-seo-wordpress\/ -->\n<title>Adatv\u00e9delmi ir\u00e1nyelvek - Binaturalproducts<\/title>\n<meta name=\"description\" content=\"A B&amp;I Natural Products SRL, mint a www.binaturalproducts.com honlap \u00fczemeltet\u0151je tiszt\u00e1ban van vele, hogy V\u00e1s\u00e1rl\u00f3inak fontos, hogy adataikat k\u00f6r\u00fcltekint\u0151en \u00e9s bizalmasan kezelj\u00fck ez\u00e9rt ezt szem el\u0151tt tartva v\u00e9gezz\u00fck adatkezel\u00e9si tev\u00e9kenys\u00e9g\u00fcnket.\" \/>\n<meta name=\"robots\" content=\"index, follow, max-snippet:-1, max-image-preview:large, max-video-preview:-1\" \/>\n<link rel=\"canonical\" href=\"https:\/\/binaturalproducts.com\/ro\/politica-de-confidentialitate\/\" \/>\n<meta property=\"og:locale\" content=\"ro_RO\" \/>\n<meta property=\"og:type\" content=\"article\" \/>\n<meta property=\"og:title\" content=\"Adatv\u00e9delmi ir\u00e1nyelvek - Binaturalproducts\" \/>\n<meta property=\"og:description\" content=\"A B&amp;I Natural Products SRL, mint a www.binaturalproducts.com honlap \u00fczemeltet\u0151je tiszt\u00e1ban van vele, hogy V\u00e1s\u00e1rl\u00f3inak fontos, hogy adataikat k\u00f6r\u00fcltekint\u0151en \u00e9s bizalmasan kezelj\u00fck ez\u00e9rt ezt szem el\u0151tt tartva v\u00e9gezz\u00fck adatkezel\u00e9si tev\u00e9kenys\u00e9g\u00fcnket.\" \/>\n<meta property=\"og:url\" content=\"https:\/\/binaturalproducts.com\/ro\/politica-de-confidentialitate\/\" \/>\n<meta property=\"og:site_name\" content=\"Binaturalproducts\" \/>\n<meta property=\"article:modified_time\" content=\"2023-04-05T13:08:54+00:00\" \/>\n<meta property=\"og:image\" content=\"https:\/\/binaturalproducts.com\/wp-content\/uploads\/2021\/08\/Nevtelen-terv-1.png\" \/>\n\t<meta property=\"og:image:width\" content=\"1700\" \/>\n\t<meta property=\"og:image:height\" content=\"663\" \/>\n\t<meta property=\"og:image:type\" content=\"image\/png\" \/>\n<meta name=\"twitter:card\" content=\"summary_large_image\" \/>\n<meta name=\"twitter:label1\" content=\"Timp estimat pentru citire\" \/>\n\t<meta name=\"twitter:data1\" content=\"2 minute\" \/>\n<script type=\"application\/ld+json\" class=\"yoast-schema-graph\">{\"@context\":\"https:\\\/\\\/schema.org\",\"@graph\":[{\"@type\":\"WebPage\",\"@id\":\"https:\\\/\\\/binaturalproducts.com\\\/adatvedelmi-iranyelvek\\\/\",\"url\":\"https:\\\/\\\/binaturalproducts.com\\\/adatvedelmi-iranyelvek\\\/\",\"name\":\"Adatv\u00e9delmi ir\u00e1nyelvek - Binaturalproducts\",\"isPartOf\":{\"@id\":\"https:\\\/\\\/binaturalproducts.com\\\/#website\"},\"datePublished\":\"2023-02-27T07:36:26+00:00\",\"dateModified\":\"2023-04-05T13:08:54+00:00\",\"description\":\"A B&I Natural Products SRL, mint a www.binaturalproducts.com honlap \u00fczemeltet\u0151je tiszt\u00e1ban van vele, hogy V\u00e1s\u00e1rl\u00f3inak fontos, hogy adataikat k\u00f6r\u00fcltekint\u0151en \u00e9s bizalmasan kezelj\u00fck ez\u00e9rt ezt szem el\u0151tt tartva v\u00e9gezz\u00fck adatkezel\u00e9si tev\u00e9kenys\u00e9g\u00fcnket.\",\"breadcrumb\":{\"@id\":\"https:\\\/\\\/binaturalproducts.com\\\/adatvedelmi-iranyelvek\\\/#breadcrumb\"},\"inLanguage\":\"ro-RO\",\"potentialAction\":[{\"@type\":\"ReadAction\",\"target\":[\"https:\\\/\\\/binaturalproducts.com\\\/adatvedelmi-iranyelvek\\\/\"]}]},{\"@type\":\"BreadcrumbList\",\"@id\":\"https:\\\/\\\/binaturalproducts.com\\\/adatvedelmi-iranyelvek\\\/#breadcrumb\",\"itemListElement\":[{\"@type\":\"ListItem\",\"position\":1,\"name\":\"Kezd\u0151lap\",\"item\":\"https:\\\/\\\/binaturalproducts.com\\\/\"},{\"@type\":\"ListItem\",\"position\":2,\"name\":\"Adatv\u00e9delmi ir\u00e1nyelvek\"}]},{\"@type\":\"WebSite\",\"@id\":\"https:\\\/\\\/binaturalproducts.com\\\/#website\",\"url\":\"https:\\\/\\\/binaturalproducts.com\\\/\",\"name\":\"Binaturalproducts\",\"description\":\"Nat\u00far term\u00e9kek Erd\u00e9ly sz\u00edv\u00e9b\u0151l\",\"potentialAction\":[{\"@type\":\"SearchAction\",\"target\":{\"@type\":\"EntryPoint\",\"urlTemplate\":\"https:\\\/\\\/binaturalproducts.com\\\/?s={search_term_string}\"},\"query-input\":{\"@type\":\"PropertyValueSpecification\",\"valueRequired\":true,\"valueName\":\"search_term_string\"}}],\"inLanguage\":\"ro-RO\"}]}<\/script>\n<!-- \/ Yoast SEO plugin. -->","yoast_head_json":{"title":"Politica de confiden\u021bialitate - Binaturalproducts","description":"B&amp;I Natural Products SRL, \u00een calitate de operator al site-ului www.binaturalproducts.com, este con\u0219tient de faptul c\u0103 este important pentru Clien\u021bii s\u0103i ca datele lor s\u0103 fie tratate cu aten\u021bie \u0219i cu confiden\u021bialitate \u0219i, prin urmare, ne desf\u0103\u0219ur\u0103m activit\u0103\u021bile de gestionare a datelor av\u00e2nd \u00een vedere acest lucru.","robots":{"index":"index","follow":"follow","max-snippet":"max-snippet:-1","max-image-preview":"max-image-preview:large","max-video-preview":"max-video-preview:-1"},"canonical":"https:\/\/binaturalproducts.com\/ro\/politica-de-confidentialitate\/","og_locale":"ro_RO","og_type":"article","og_title":"Adatv\u00e9delmi ir\u00e1nyelvek - Binaturalproducts","og_description":"A B&I Natural Products SRL, mint a www.binaturalproducts.com honlap \u00fczemeltet\u0151je tiszt\u00e1ban van vele, hogy V\u00e1s\u00e1rl\u00f3inak fontos, hogy adataikat k\u00f6r\u00fcltekint\u0151en \u00e9s bizalmasan kezelj\u00fck ez\u00e9rt ezt szem el\u0151tt tartva v\u00e9gezz\u00fck adatkezel\u00e9si tev\u00e9kenys\u00e9g\u00fcnket.","og_url":"https:\/\/binaturalproducts.com\/ro\/politica-de-confidentialitate\/","og_site_name":"Binaturalproducts","article_modified_time":"2023-04-05T13:08:54+00:00","og_image":[{"width":1700,"height":663,"url":"https:\/\/binaturalproducts.com\/wp-content\/uploads\/2021\/08\/Nevtelen-terv-1.png","type":"image\/png"}],"twitter_card":"summary_large_image","twitter_misc":{"Timp estimat pentru citire":"2 minute"},"schema":{"@context":"https:\/\/schema.org","@graph":[{"@type":"WebPage","@id":"https:\/\/binaturalproducts.com\/adatvedelmi-iranyelvek\/","url":"https:\/\/binaturalproducts.com\/adatvedelmi-iranyelvek\/","name":"Politica de confiden\u021bialitate - Binaturalproducts","isPartOf":{"@id":"https:\/\/binaturalproducts.com\/#website"},"datePublished":"2023-02-27T07:36:26+00:00","dateModified":"2023-04-05T13:08:54+00:00","description":"B&amp;I Natural Products SRL, \u00een calitate de operator al site-ului www.binaturalproducts.com, este con\u0219tient de faptul c\u0103 este important pentru Clien\u021bii s\u0103i ca datele lor s\u0103 fie tratate cu aten\u021bie \u0219i cu confiden\u021bialitate \u0219i, prin urmare, ne desf\u0103\u0219ur\u0103m activit\u0103\u021bile de gestionare a datelor av\u00e2nd \u00een vedere acest lucru.","breadcrumb":{"@id":"https:\/\/binaturalproducts.com\/adatvedelmi-iranyelvek\/#breadcrumb"},"inLanguage":"ro-RO","potentialAction":[{"@type":"ReadAction","target":["https:\/\/binaturalproducts.com\/adatvedelmi-iranyelvek\/"]}]},{"@type":"BreadcrumbList","@id":"https:\/\/binaturalproducts.com\/adatvedelmi-iranyelvek\/#breadcrumb","itemListElement":[{"@type":"ListItem","position":1,"name":"Kezd\u0151lap","item":"https:\/\/binaturalproducts.com\/"},{"@type":"ListItem","position":2,"name":"Adatv\u00e9delmi ir\u00e1nyelvek"}]},{"@type":"WebSite","@id":"https:\/\/binaturalproducts.com\/#website","url":"https:\/\/binaturalproducts.com\/","name":"Binaturalproducts","description":"PRODUSE NATURALE DIN INIMA TRANSILVANIEI","potentialAction":[{"@type":"SearchAction","target":{"@type":"EntryPoint","urlTemplate":"https:\/\/binaturalproducts.com\/?s={search_term_string}"},"query-input":{"@type":"PropertyValueSpecification","valueRequired":true,"valueName":"search_term_string"}}],"inLanguage":"ro-RO"}]}},"_links":{"self":[{"href":"https:\/\/binaturalproducts.com\/ro\/wp-json\/wp\/v2\/pages\/385","targetHints":{"allow":["GET"]}}],"collection":[{"href":"https:\/\/binaturalproducts.com\/ro\/wp-json\/wp\/v2\/pages"}],"about":[{"href":"https:\/\/binaturalproducts.com\/ro\/wp-json\/wp\/v2\/types\/page"}],"author":[{"embeddable":true,"href":"https:\/\/binaturalproducts.com\/ro\/wp-json\/wp\/v2\/users\/2"}],"replies":[{"embeddable":true,"href":"https:\/\/binaturalproducts.com\/ro\/wp-json\/wp\/v2\/comments?post=385"}],"version-history":[{"count":9,"href":"https:\/\/binaturalproducts.com\/ro\/wp-json\/wp\/v2\/pages\/385\/revisions"}],"predecessor-version":[{"id":3120,"href":"https:\/\/binaturalproducts.com\/ro\/wp-json\/wp\/v2\/pages\/385\/revisions\/3120"}],"wp:attachment":[{"href":"https:\/\/binaturalproducts.com\/ro\/wp-json\/wp\/v2\/media?parent=385"}],"curies":[{"name":"wp","href":"https:\/\/api.w.org\/{rel}","templated":true}]}}